{"id":223,"date":"2015-10-27T12:27:43","date_gmt":"2015-10-27T12:27:43","guid":{"rendered":"http:\/\/1.43.10.86\/wordpress\/?page_id=223"},"modified":"2018-06-22T08:49:53","modified_gmt":"2018-06-22T06:49:53","slug":"otras-evaluaciones-internacionales","status":"publish","type":"page","link":"https:\/\/evalua.catedu.es\/evaluacion\/?page_id=223","title":{"rendered":"Otras evaluaciones internacionales"},"content":{"rendered":"<p>&nbsp;<\/p>\n<table>\n<tbody>\n<tr>\n<td><a href=\"http:\/\/evalua.catedu.es\/evaluacion\/?page_id=417\">ICCS 2009<\/a><\/td>\n<td><a href=\"http:\/\/evalua.catedu.es\/evaluacion\/?page_id=420\">TIMSS y PIRLS<\/a><\/td>\n<td><a href=\"http:\/\/evalua.catedu.es\/evaluacion\/?page_id=424\">EECL<\/a><\/td>\n<td><a href=\"http:\/\/evalua.catedu.es\/evaluacion\/?page_id=422\">ICILS<\/a><\/td>\n<td><a href=\"http:\/\/evalua.catedu.es\/evaluacion\/?page_id=426\">TALIS<\/a><\/td>\n<\/tr>\n<\/tbody>\n<\/table>\n<p>&nbsp;<\/p>\n<hr \/>\n<ul>\n<li><a href=\"http:\/\/www.oecd.org\/centrodemexico\/encuestainternacionalsobredocenciayaprendizajetalis.htm#4\" target=\"_blank\" rel=\"noopener\"><strong>TALIS 2008<\/strong><\/a> Estudio Internacional de la OCDE sobre Docencia y Aprendizaje (Teaching and Learning International Survey,TALIS, por sus siglas en ingl\u00e9s)<\/li>\n<\/ul>\n<ul>\n<li><a href=\"http:\/\/evalua.catedu.es\/evaluacion\/?page_id=417\"><strong>ICCS 2009<\/strong><\/a>  Estudio Internacional sobre Educaci\u00f3n C\u00edvica y Ciudadana.<\/li>\n<\/ul>\n<ul>\n<li><a href=\"http:\/\/evalua.catedu.es\/evaluacion\/?page_id=420\"><strong>TIMSS<\/strong><\/a> Estudio Internacional de Matem\u00e1ticas y Ciencias.<br \/>\n<a href=\"http:\/\/evalua.catedu.es\/evaluacion\/?page_id=420\"><strong>PIRLS<\/strong><\/a>  Estudio Internacional de Progreso en Comprensi\u00f3n Lectora. <a href=\"http:\/\/www.fund-encuentro.org\/noticias\/noticias.php?idnot=192\" target=\"_blank\" rel=\"noopener\"><strong>PIRLS-TIMSS 2011<\/strong><\/a> Encuentro Evaluaciones Externas Internacionales (sede Fundaci\u00f3n Encuentro)<\/li>\n<\/ul>\n<ul>\n<li><a href=\"http:\/\/evalua.catedu.es\/evaluacion\/?page_id=424\"><strong>EECL<\/strong><\/a>  Encuesta Europea de Competencias Ling\u00fc\u00edsticas.<\/li>\n<\/ul>\n<ul>\n<li><a href=\"https:\/\/icils.acer.org\/\" target=\"_blank\" rel=\"noopener\"><strong>ICILS 2013<\/strong><\/a> Estudio sobre la competencia digital.<\/li>\n<\/ul>\n<ul>\n<li><a href=\"http:\/\/www.oecd.org\/edu\/school\/talis-2013-results.htm\" target=\"_blank\" rel=\"noopener\"><strong>TALIS 2013<\/strong><\/a> Estudio Internacional de la OCDE sobre Docencia y Aprendizaje (Teaching and Learning International Survey,TALIS, por sus siglas en ingl\u00e9s)<br \/>\n<a href=\"http:\/\/evalua.catedu.es\/documentos\/internacional\/otras\/Folleto_TALIS_MS-1_2013.pdf\" target=\"_blank\" rel=\"noopener\"><strong>Folleto informativo<\/strong><\/a>. <a href=\"http:\/\/www.mecd.gob.es\/inee\/evaluaciones-internacionales\/talis\/talis-2013.html\" target=\"_blank\" rel=\"noopener\"><strong>Enlace informativo en INEE<\/strong><\/a>.<\/li>\n<\/ul>\n<ul>\n<li><a href=\"http:\/\/www.iea.nl\/other-iea-studies\" target=\"_blank\" rel=\"noopener\"><strong>TEDS-M<\/strong><\/a> Estudio sobre la preparaci\u00f3n de los profesores de matem\u00e1ticas en Primaria y primeros niveles de Secundaria. <a href=\"http:\/\/www.mecd.gob.es\/inee\/evaluaciones-internacionales\/otros-estudios.html\" target=\"_blank\" rel=\"noopener\"><strong>Enlace<\/strong><\/a> en la web del INEE.<\/li>\n<\/ul>\n<ul>\n<li><a href=\"http:\/\/recursostic.educacion.es\/inee\/pisa\/piaac\/index.htm\" target=\"_blank\" rel=\"noopener\"><strong>PIAAC<\/strong><\/a> El Programa de Evaluaci\u00f3n de Competencias en Adultos (PIAAC) es un programa internacional, implementado por la Organizaci\u00f3n para la Cooperaci\u00f3n y el Desarrollo Econ\u00f3micos (OCDE), que mide las competencias cognitivas y relacionadas con el mundo del trabajo necesarias para que los individuos participen con \u00e9xito en la sociedad y que la econom\u00eda prospere.<\/li>\n<\/ul>\n<ul>\n<li><a href=\"http:\/\/www.oecd.org\/edu\/school\/jointalis2018.htm\" target=\"_blank\" rel=\"noopener\"><strong>TALIS 2018<\/strong><\/a> Estudio Internacional de la OCDE sobre Docencia y Aprendizaje (Teaching and Learning International Survey,TALIS, por sus siglas en ingl\u00e9s).<br \/>\n\tEn nuestra C.A. participan, para la muestra estatal, 8 centros de educaci\u00f3n primaria y 6 centros de educaci\u00f3n secundaria. Se trata de una encuesta online de unos 50 minutos de duraci\u00f3n. Existen dos cuestionarios, uno para el profesorado y otro para los directores. <a href=\"http:\/\/www.mecd.gob.es\/inee\/evaluaciones-internacionales\/talis\/talis-2018.html\" target=\"_blank\" rel=\"noopener\"><strong>Enlace<\/strong><\/a> en la web del INEE.<br \/>\n<a href=\"http:\/\/evalua.catedu.es\/evaluacion\/wp-content\/uploads\/Diptico_TALIS-2018.pdf\" target=\"_blank\" rel=\"noopener\"><strong>Folleto informativo<\/strong><\/a>.<\/li>\n<\/ul>\n<table>\n<tbody>\n<tr>\n<td align=\"center\"><a href=\"https:\/\/icils.acer.org\/\" target=\"_blank\" rel=\"noopener\"><img loading=\"lazy\" decoding=\"async\" class=\"alignnone\" src=\"http:\/\/evalua.catedu.es\/imagenes\/iconos\/ICILS_2013_IEA.jpg\" alt=\"\" width=\"90\" height=\"90\" align=\"middle\" border=\"0\" \/><\/a><\/td>\n<td align=\"center\"><a href=\"http:\/\/www.iea.nl\/other-iea-studies\" target=\"_blank\" rel=\"noopener\"><img loading=\"lazy\" decoding=\"async\" src=\"http:\/\/evalua.catedu.es\/imagenes\/iconos\/TEDS-M.gif\" alt=\"\" width=\"100\" height=\"100\" align=\"middle\" border=\"0\" \/><\/a><\/td>\n<\/tr>\n<\/tbody>\n<\/table>\n<p><a href=\"http:\/\/www.mindomo.com\/es\/mindmap\/evaluaciones-externas-522463c419a247669bbdf70bff6c68a6\" target=\"_blank\" rel=\"noopener\"><strong>Evaluaciones internacionales: Mapa mental (Camilo Quijada Fumer)<\/strong><\/a><\/p>\n","protected":false},"excerpt":{"rendered":"<p>&nbsp;<\/p>\n<p><a href=\"http:\/\/evalua.catedu.es\/evaluacion\/?page_id=417\">ICCS 2009<\/a><br \/>\n<a href=\"http:\/\/evalua.catedu.es\/evaluacion\/?page_id=420\">TIMSS y PIRLS<\/a><br \/>\n<a href=\"http:\/\/evalua.catedu.es\/evaluacion\/?page_id=424\">EECL<\/a><br \/>\n<a href=\"http:\/\/evalua.catedu.es\/evaluacion\/?page_id=422\">ICILS<\/a><br \/>\n<a href=\"http:\/\/evalua.catedu.es\/evaluacion\/?page_id=426\">TALIS<\/a><\/p>\n<p>&nbsp;<\/p>\n<p><a href=\"http:\/\/www.oecd.org\/centrodemexico\/encuestainternacionalsobredocenciayaprendizajetalis.htm#4\" target=\"_blank\" rel=\"noopener\">TALIS 2008<\/a> Estudio Internacional de la OCDE sobre Docencia y Aprendizaje (Teaching and Learning International Survey,TALIS, por sus siglas en ingl\u00e9s)<\/p>\n<p><a href=\"http:\/\/evalua.catedu.es\/evaluacion\/?page_id=417\">ICCS 2009<\/a>  Estudio Internacional sobre Educaci\u00f3n C\u00edvica y Ciudadana.<\/p>\n<p><a href=\"http:\/\/evalua.catedu.es\/evaluacion\/?page_id=420\">TIMSS<\/a> Estudio Internacional de Matem\u00e1ticas y Ciencias.<br \/>\n<a href=\"http:\/\/evalua.catedu.es\/evaluacion\/?page_id=420\">PIRLS<\/a> [<a href=\"https:\/\/evalua.catedu.es\/evaluacion\/?page_id=223\">Leer m\u00e1s<\/a>]<\/p>\n","protected":false},"author":1,"featured_media":0,"parent":12,"menu_order":0,"comment_status":"closed","ping_status":"closed","template":"","meta":{"footnotes":""},"categories":[20,25],"tags":[],"class_list":["post-223","page","type-page","status-publish","hentry","category-evaluacion_internacional","category-otras_int"],"_links":{"self":[{"href":"https:\/\/evalua.catedu.es\/evaluacion\/index.php?rest_route=\/wp\/v2\/pages\/223","targetHints":{"allow":["GET"]}}],"collection":[{"href":"https:\/\/evalua.catedu.es\/evaluacion\/index.php?rest_route=\/wp\/v2\/pages"}],"about":[{"href":"https:\/\/evalua.catedu.es\/evaluacion\/index.php?rest_route=\/wp\/v2\/types\/page"}],"author":[{"embeddable":true,"href":"https:\/\/evalua.catedu.es\/evaluacion\/index.php?rest_route=\/wp\/v2\/users\/1"}],"replies":[{"embeddable":true,"href":"https:\/\/evalua.catedu.es\/evaluacion\/index.php?rest_route=%2Fwp%2Fv2%2Fcomments&post=223"}],"version-history":[{"count":31,"href":"https:\/\/evalua.catedu.es\/evaluacion\/index.php?rest_route=\/wp\/v2\/pages\/223\/revisions"}],"predecessor-version":[{"id":1888,"href":"https:\/\/evalua.catedu.es\/evaluacion\/index.php?rest_route=\/wp\/v2\/pages\/223\/revisions\/1888"}],"up":[{"embeddable":true,"href":"https:\/\/evalua.catedu.es\/evaluacion\/index.php?rest_route=\/wp\/v2\/pages\/12"}],"wp:attachment":[{"href":"https:\/\/evalua.catedu.es\/evaluacion\/index.php?rest_route=%2Fwp%2Fv2%2Fmedia&parent=223"}],"wp:term":[{"taxonomy":"category","embeddable":true,"href":"https:\/\/evalua.catedu.es\/evaluacion\/index.php?rest_route=%2Fwp%2Fv2%2Fcategories&post=223"},{"taxonomy":"post_tag","embeddable":true,"href":"https:\/\/evalua.catedu.es\/evaluacion\/index.php?rest_route=%2Fwp%2Fv2%2Ftags&post=223"}],"curies":[{"name":"wp","href":"https:\/\/api.w.org\/{rel}","templated":true}]}}