{"id":203,"date":"2015-10-27T12:18:49","date_gmt":"2015-10-27T12:18:49","guid":{"rendered":"http:\/\/1.43.10.86\/wordpress\/?page_id=203"},"modified":"2019-05-02T13:29:20","modified_gmt":"2019-05-02T11:29:20","slug":"preguntas-liberadas-pisa","status":"publish","type":"page","link":"https:\/\/evalua.catedu.es\/evaluacion\/?page_id=203","title":{"rendered":"Preguntas liberadas PISA"},"content":{"rendered":"<p><!-- 1024 --><\/p>\n<h5>Enlaces a materiales seleccionados por el INEE<\/h5>\n<ul>\n<li><a href=\"http:\/\/www.mecd.gob.es\/inee\/evaluaciones-internacionales\/pisa\/pisa-2018.html\" target=\"_blank\" rel=\"noopener noreferrer\">Enlace a informaci\u00f3n en la web del INEE<\/a><\/li>\n<li><a target=\"_blank\" href=\"http:\/\/recursostic.educacion.es\/inee\/pisa\/lectora\/\" rel=\"noopener noreferrer\">Recursos LECTORA<\/a><\/li>\n<li><a target=\"_blank\" href=\"http:\/\/recursostic.educacion.es\/inee\/pisa\/matematicas\/\" rel=\"noopener noreferrer\">Recursos MATEM\u00c1TICAS<\/a><\/li>\n<li><a target=\"_blank\" href=\"http:\/\/recursostic.educacion.es\/inee\/pisa\/ciencias\/\" rel=\"noopener noreferrer\">Recursos CIENCIAS<\/a><\/li>\n<li><a target=\"_blank\" href=\"http:\/\/recursostic.educacion.es\/inee\/pisa\/piaac\/index.htm\" rel=\"noopener noreferrer\">Recursos PIAAC<\/a><\/li>\n<\/ul>\n<h5>Diversos folletos publicados<\/h5>\n<table>\n<tbody>\n<tr>\n<td width=\"20%\"><img loading=\"lazy\" decoding=\"async\" src=\"http:\/\/evalua.catedu.es\/imagenes\/imagenes\/liberadaspisa2003.jpg\" alt=\"\" width=\"80\" vspace=\"3\" height=\"105\" border=\"0\"><\/td>\n<td width=\"80\"><a href=\"http:\/\/evalua.catedu.es\/documentos\/internacional\/pisa\/preguntasLiberadas\/pisa2003liberados.pdf\" target=\"_blank\" rel=\"noopener noreferrer\">Este folleto<\/a> es una compilaci\u00f3n del conjunto de preguntas de matem\u00e1ticas y soluci\u00f3n de problemas que la OCDE ha hecho p\u00fablicas de entre las utilizadas en la evaluaci\u00f3n PISA 2003.<br \/>\n<span id=\"atenuado\">PISA 2003: Preguntas liberadas.<br \/>\nMatem\u00e1ticas y Soluci\u00f3n de problemas.<\/span><br \/>\n&nbsp;<\/td>\n<\/tr>\n<tr>\n<td width=\"20%\"><img loading=\"lazy\" decoding=\"async\" src=\"http:\/\/evalua.catedu.es\/imagenes\/imagenes\/liberadaspisa2000.jpg\" alt=\"\" width=\"80\" vspace=\"3\" height=\"113\" border=\"0\"><\/td>\n<td width=\"80%\"><a href=\"http:\/\/evalua.catedu.es\/documentos\/internacional\/pisa\/preguntasLiberadas\/pisa2000liberados.pdf\" target=\"_blank\" rel=\"noopener noreferrer\">Este folleto<\/a> es un extracto de la publicaci\u00f3n del <a href=\"http:\/\/evalua.catedu.es\/documentos\/internacional\/pisa\/preguntasLiberadas\/aproxapisa2000.pdf\" target=\"_blank\" rel=\"noopener noreferrer\">INECSE Aproximaci\u00f3n a un modelo de evaluaci\u00f3n<\/a>: el proyecto PISA 2000, actualmente agotada.<br \/>\n<span id=\"atenuado\">Preguntas planteadas en PISA 2000.<br \/>\nLectura, Matem\u00e1ticas y Ciencias.<\/span><\/p>\n<p>&nbsp;<\/td>\n<\/tr>\n<tr>\n<td width=\"20%\"><img loading=\"lazy\" decoding=\"async\" src=\"http:\/\/evalua.catedu.es\/imagenes\/imagenes\/comprensionlectorapisa2000.jpg\" alt=\"\" width=\"80\" vspace=\"3\" height=\"103\" border=\"0\"><\/td>\n<td width=\"80%\"><a href=\"http:\/\/evalua.catedu.es\/documentos\/internacional\/pisa\/preguntasLiberadas\/pisa2000cuadlectura3.pdf\" target=\"_blank\" rel=\"noopener noreferrer\">Este folleto<\/a> es una compilaci\u00f3n del conjunto de pruebas de comprensi\u00f3n lectora que la OCDE ha hecho p\u00fablicas de entre las utilizadas en la evaluaci\u00f3n PISA 2000, a\u00f1o en el que la lectura fue el \u00e1rea principal en este proyecto de la OCDE.<br \/>\n<span id=\"atenuado\">Programa PISA.<br \/>\nPruebas de Comprensi\u00f3n Lectora.<\/span><\/td>\n<\/tr>\n<tr>\n<td width=\"20%\"><img loading=\"lazy\" decoding=\"async\" src=\"http:\/\/evalua.catedu.es\/imagenes\/imagenes\/itemsconocimietocientifico2000y2003.jpg\" alt=\"\" width=\"80\" vspace=\"3\" height=\"115\" border=\"0\"><\/td>\n<td width=\"80%\"><a href=\"http:\/\/evalua.catedu.es\/documentos\/internacional\/pisa\/preguntasLiberadas\/itemscienciaspisa.pdf\" target=\"_blank\" rel=\"noopener noreferrer\">Este folleto<\/a> es una compilaci\u00f3n del conjunto de preguntas de ciencias que la OCDE ha hecho p\u00fablicas de entre las utilizadas en las evaluaciones PISA 2000 y PISA 2003.<br \/>\n<span id=\"atenuado\">Ejemplos de \u00edtems de Conocimiento Cient\u00edfico.<\/span><\/p>\n<p>&nbsp;<\/td>\n<\/tr>\n<\/tbody>\n<\/table>\n","protected":false},"excerpt":{"rendered":"<\/p>\n<p>Enlaces a materiales seleccionados por el INEE<\/p>\n<p><a href=\"http:\/\/www.mecd.gob.es\/inee\/evaluaciones-internacionales\/pisa\/pisa-2018.html\" target=\"_blank\" rel=\"noopener noreferrer\">Enlace a informaci\u00f3n en la web del INEE<\/a><br \/>\n<a target=\"_blank\" href=\"http:\/\/recursostic.educacion.es\/inee\/pisa\/lectora\/\" rel=\"noopener noreferrer\">Recursos LECTORA<\/a><br \/>\n<a target=\"_blank\" href=\"http:\/\/recursostic.educacion.es\/inee\/pisa\/matematicas\/\" rel=\"noopener noreferrer\">Recursos MATEM\u00c1TICAS<\/a><br \/>\n<a target=\"_blank\" href=\"http:\/\/recursostic.educacion.es\/inee\/pisa\/ciencias\/\" rel=\"noopener noreferrer\">Recursos CIENCIAS<\/a><br \/>\n<a target=\"_blank\" href=\"http:\/\/recursostic.educacion.es\/inee\/pisa\/piaac\/index.htm\" rel=\"noopener noreferrer\">Recursos PIAAC<\/a><\/p>\n<p>Diversos folletos publicados<\/p>\n<p><a href=\"http:\/\/evalua.catedu.es\/documentos\/internacional\/pisa\/preguntasLiberadas\/pisa2003liberados.pdf\" target=\"_blank\" rel=\"noopener noreferrer\">Este folleto<\/a> es una compilaci\u00f3n del conjunto [<a href=\"https:\/\/evalua.catedu.es\/evaluacion\/?page_id=203\">Leer m\u00e1s<\/a>]<\/p>\n","protected":false},"author":1,"featured_media":0,"parent":12,"menu_order":0,"comment_status":"closed","ping_status":"closed","template":"","meta":{"footnotes":""},"categories":[20],"tags":[],"class_list":["post-203","page","type-page","status-publish","hentry","category-evaluacion_internacional"],"_links":{"self":[{"href":"https:\/\/evalua.catedu.es\/evaluacion\/index.php?rest_route=\/wp\/v2\/pages\/203","targetHints":{"allow":["GET"]}}],"collection":[{"href":"https:\/\/evalua.catedu.es\/evaluacion\/index.php?rest_route=\/wp\/v2\/pages"}],"about":[{"href":"https:\/\/evalua.catedu.es\/evaluacion\/index.php?rest_route=\/wp\/v2\/types\/page"}],"author":[{"embeddable":true,"href":"https:\/\/evalua.catedu.es\/evaluacion\/index.php?rest_route=\/wp\/v2\/users\/1"}],"replies":[{"embeddable":true,"href":"https:\/\/evalua.catedu.es\/evaluacion\/index.php?rest_route=%2Fwp%2Fv2%2Fcomments&post=203"}],"version-history":[{"count":36,"href":"https:\/\/evalua.catedu.es\/evaluacion\/index.php?rest_route=\/wp\/v2\/pages\/203\/revisions"}],"predecessor-version":[{"id":2037,"href":"https:\/\/evalua.catedu.es\/evaluacion\/index.php?rest_route=\/wp\/v2\/pages\/203\/revisions\/2037"}],"up":[{"embeddable":true,"href":"https:\/\/evalua.catedu.es\/evaluacion\/index.php?rest_route=\/wp\/v2\/pages\/12"}],"wp:attachment":[{"href":"https:\/\/evalua.catedu.es\/evaluacion\/index.php?rest_route=%2Fwp%2Fv2%2Fmedia&parent=203"}],"wp:term":[{"taxonomy":"category","embeddable":true,"href":"https:\/\/evalua.catedu.es\/evaluacion\/index.php?rest_route=%2Fwp%2Fv2%2Fcategories&post=203"},{"taxonomy":"post_tag","embeddable":true,"href":"https:\/\/evalua.catedu.es\/evaluacion\/index.php?rest_route=%2Fwp%2Fv2%2Ftags&post=203"}],"curies":[{"name":"wp","href":"https:\/\/api.w.org\/{rel}","templated":true}]}}