{"id":200,"date":"2015-10-27T12:16:31","date_gmt":"2015-10-27T12:16:31","guid":{"rendered":"http:\/\/1.43.10.86\/wordpress\/?page_id=200"},"modified":"2019-05-02T13:23:09","modified_gmt":"2019-05-02T11:23:09","slug":"pisa","status":"publish","type":"page","link":"https:\/\/evalua.catedu.es\/evaluacion\/?page_id=200","title":{"rendered":"Caracter\u00edsticas PISA"},"content":{"rendered":"<h5>Las caracter\u00edsticas fundamentales del enfoque de PISA son<\/h5>\n<ul>\n<li><span>Su orientaci\u00f3n hacia la pol\u00edtica educativa, mediante un dise\u00f1o y unos m\u00e9todos de elaboraci\u00f3n de informes derivados de la necesidad de los gobiernos de extraer conclusiones aplicables a las directrices que se han de seguir.<\/span><\/li>\n<li><span>La introducci\u00f3n del concepto de competencia, pues se ocupa de la capacidad de los estudiantes para aplicar conocimientos y destrezas en materias clave y para analizar, razonar y transmitir ideas con eficacia al tiempo que plantean, resuelven e interpretan problemas en situaciones diferentes.<\/span><\/li>\n<li><span>La importancia del aprendizaje a lo largo de toda la vida, pues PISA no se limita a una simple evaluaci\u00f3n de las competencias curriculares y transversales sobre el curr\u00edculo de los alumnos, sino que pregunta a los estudiantes sobre sus motivaciones para el aprendizaje, sus sentimientos sobre s\u00ed mismos y sus estrategias de aprendizaje.<\/span><\/li>\n<li><span>Su regularidad, que permite que los pa\u00edses supervisen sus progresos en el cumplimiento de sus objetivos fundamentales en relaci\u00f3n con el aprendizaje.<\/span><\/li>\n<li><span>La consideraci\u00f3n del rendimiento de los alumnos en combinaci\u00f3n con las caracter\u00edsticas de sus centros de ense\u00f1anza y sus entornos familiares, con el fin de evaluar algunas de las principales caracter\u00edsticas asociadas al \u00e9xito educativo.<\/span><\/li>\n<li><span>Su amplia cobertura geogr\u00e1fica representar\u00e1, con PISA 2018, una participaci\u00f3n de 80 pa\u00edses con un n\u00famero aproximado de 13000 centros y 515000 estudiantes.<\/span><\/li>\n<\/ul>\n<p>&nbsp;<\/p>\n","protected":false},"excerpt":{"rendered":"<p>Las caracter\u00edsticas fundamentales del enfoque de PISA son<\/p>\n<p>Su orientaci\u00f3n hacia la pol\u00edtica educativa, mediante un dise\u00f1o y unos m\u00e9todos de elaboraci\u00f3n de informes derivados de la necesidad de los gobiernos de extraer conclusiones aplicables a las directrices que se han de seguir.<br \/>\nLa introducci\u00f3n del concepto de competencia, pues se ocupa [<a href=\"https:\/\/evalua.catedu.es\/evaluacion\/?page_id=200\">Leer m\u00e1s<\/a>]<\/p>\n","protected":false},"author":1,"featured_media":0,"parent":12,"menu_order":0,"comment_status":"closed","ping_status":"closed","template":"","meta":{"footnotes":""},"categories":[20],"tags":[],"class_list":["post-200","page","type-page","status-publish","hentry","category-evaluacion_internacional"],"_links":{"self":[{"href":"https:\/\/evalua.catedu.es\/evaluacion\/index.php?rest_route=\/wp\/v2\/pages\/200","targetHints":{"allow":["GET"]}}],"collection":[{"href":"https:\/\/evalua.catedu.es\/evaluacion\/index.php?rest_route=\/wp\/v2\/pages"}],"about":[{"href":"https:\/\/evalua.catedu.es\/evaluacion\/index.php?rest_route=\/wp\/v2\/types\/page"}],"author":[{"embeddable":true,"href":"https:\/\/evalua.catedu.es\/evaluacion\/index.php?rest_route=\/wp\/v2\/users\/1"}],"replies":[{"embeddable":true,"href":"https:\/\/evalua.catedu.es\/evaluacion\/index.php?rest_route=%2Fwp%2Fv2%2Fcomments&post=200"}],"version-history":[{"count":11,"href":"https:\/\/evalua.catedu.es\/evaluacion\/index.php?rest_route=\/wp\/v2\/pages\/200\/revisions"}],"predecessor-version":[{"id":2036,"href":"https:\/\/evalua.catedu.es\/evaluacion\/index.php?rest_route=\/wp\/v2\/pages\/200\/revisions\/2036"}],"up":[{"embeddable":true,"href":"https:\/\/evalua.catedu.es\/evaluacion\/index.php?rest_route=\/wp\/v2\/pages\/12"}],"wp:attachment":[{"href":"https:\/\/evalua.catedu.es\/evaluacion\/index.php?rest_route=%2Fwp%2Fv2%2Fmedia&parent=200"}],"wp:term":[{"taxonomy":"category","embeddable":true,"href":"https:\/\/evalua.catedu.es\/evaluacion\/index.php?rest_route=%2Fwp%2Fv2%2Fcategories&post=200"},{"taxonomy":"post_tag","embeddable":true,"href":"https:\/\/evalua.catedu.es\/evaluacion\/index.php?rest_route=%2Fwp%2Fv2%2Ftags&post=200"}],"curies":[{"name":"wp","href":"https:\/\/api.w.org\/{rel}","templated":true}]}}