{"id":193,"date":"2015-10-27T12:02:42","date_gmt":"2015-10-27T12:02:42","guid":{"rendered":"http:\/\/1.43.10.86\/wordpress\/?page_id=193"},"modified":"2017-09-29T09:22:49","modified_gmt":"2017-09-29T07:22:49","slug":"inee-2","status":"publish","type":"page","link":"https:\/\/evalua.catedu.es\/evaluacion\/?page_id=193","title":{"rendered":"INEE"},"content":{"rendered":"<h5>Evaluaciones generales de diagn\u00f3stico<\/h5>\n<h5>El marco legal<\/h5>\n<p>La Ley Org\u00e1nica de la Educaci\u00f3n (LOE) establece dos procesos de evaluaci\u00f3n de diagn\u00f3stico diferentes:<\/p>\n<ul>\n<li>Evaluaciones generales de diagn\u00f3stico (Art. 144.1): \u00abEl Instituto de Evaluaci\u00f3n y los organismos correspondientes de las administraciones educativas colaborar\u00e1n en la realizaci\u00f3n de evaluaciones generales de diagn\u00f3stico, de car\u00e1cter muestral, que permitan obtener datos representativos, tanto del alumnado y de los centros de las Comunidades Aut\u00f3nomas como del conjunto del Estado. Estas evaluaciones versar\u00e1n sobre las competencias b\u00e1sicas del curr\u00edculo y se realizar\u00e1n en 4\u00ba de Educaci\u00f3n Primaria y 2\u00ba de Educaci\u00f3n Secundaria Obligatoria (ESO)\u00bb.<\/li>\n<li>Evaluaciones de diagn\u00f3stico (Arts. 21 y 29): \u00abTodos los centros realizar\u00e1n evaluaciones de diagn\u00f3stico, de car\u00e1cter censal,\u2026 que ser\u00e1n competencia de las administraciones educativas y tendr\u00e1n car\u00e1cter formativo y orientador para los centros e informativo para las familias y para el conjunto de la comunidad educativa\u00bb.<\/li>\n<\/ul>\n<h5>Finalidad de las evaluaciones generales de diagn\u00f3stico (EGD)<\/h5>\n<ul>\n<li>Contribuir a la mejora de la calidad y la equidad de la educaci\u00f3n, orientar las pol\u00edticas educativas y aumentar la transparencia y eficacia del sistema educativo.<\/li>\n<li>Ofrecer informaci\u00f3n sobre el grado de adquisici\u00f3n de las competencias b\u00e1sicas del curr\u00edculo por el alumnado, en el conjunto del Estado y en las comunidades aut\u00f3nomas; estas competencias b\u00e1sicas se refieren a las capacidades de los sujetos para aplicar los conocimientos aprendidos en contextos diferentes, a la comprensi\u00f3n de la realidad y a la resoluci\u00f3n de problemas pr\u00e1cticos planteados en situaciones de la vida cotidiana.<\/li>\n<li>Valorar en qu\u00e9 medida el sistema educativo prepara para la vida y forma a los estudiantes para asumir su papel.<\/li>\n<\/ul>\n<p><a href=\"https:\/\/www.mecd.gob.es\/inee\/evaluaciones-nacionales.html\" target=\"_blank\" rel=\"noopener\"><strong>P\u00e1gina del Instituto de Evaluaci\u00f3n<\/strong><\/a> <img loading=\"lazy\" decoding=\"async\" style=\"vertical-align: middle;\" src=\"http:\/\/evalua.catedu.es\/imagenes\/iconos\/inee.png\" alt=\"\" width=\"160\" height=\"68\" border=\"0\" vspace=\"5\" \/><\/p>\n<h5>Enlaces interesantes<\/h5>\n<p>En los siguientes enlaces hay informaci\u00f3n sobre pruebas ya aplicadas (en algunos hay pruebas interactivas).<\/p>\n<ul>\n<li>\n<a href=\"https:\/\/www.mecd.gob.es\/inee\/evaluaciones-nacionales\/evaluacion-tercero-primaria.html\" target=\"_blank\" rel=\"noopener\"> Evaluaci\u00f3n de tercer curso de Educaci\u00f3n Primaria<\/a>\n<\/li>\n<li>\n<a href=\"https:\/\/www.mecd.gob.es\/inee\/evaluaciones-nacionales\/evaluacion-sexto-primaria.html\" target=\"_blank\" rel=\"noopener\"> Evaluaci\u00f3n de sexto curso de Educaci\u00f3n Primaria<\/a>\n<\/li>\n<li>\n<a href=\"https:\/\/www.mecd.gob.es\/inee\/evaluaciones-nacionales\/4-eso.html\" target=\"_blank\" rel=\"noopener\"> Evaluaci\u00f3n de Educaci\u00f3n Secundaria Obligatoria (4\u00ba de ESO)<\/a>\n<\/li>\n<li>\n<a href=\"https:\/\/www.mecd.gob.es\/inee\/evaluaciones-nacionales\/publicaciones-anteriores.html\" target=\"_blank\" rel=\"noopener\"> Publicaciones de evaluaciones anteriores<\/a>\n<\/li>\n<li>\n<a href=\"https:\/\/www.mecd.gob.es\/inee\/evaluaciones-nacionales\/evaluacion-cooperacion-territorial.html\" target=\"_blank\" rel=\"noopener\"> Evaluaci\u00f3n de los Programas de Cooperaci\u00f3n Territorial<\/a>\n<\/li>\n<\/ul>\n","protected":false},"excerpt":{"rendered":"<p>Evaluaciones generales de diagn\u00f3stico<br \/>\nEl marco legal<\/p>\n<p>La Ley Org\u00e1nica de la Educaci\u00f3n (LOE) establece dos procesos de evaluaci\u00f3n de diagn\u00f3stico diferentes:<\/p>\n<p>Evaluaciones generales de diagn\u00f3stico (Art. 144.1): \u00abEl Instituto de Evaluaci\u00f3n y los organismos correspondientes de las administraciones educativas colaborar\u00e1n en la realizaci\u00f3n de evaluaciones generales de diagn\u00f3stico, de car\u00e1cter muestral, que [<a href=\"https:\/\/evalua.catedu.es\/evaluacion\/?page_id=193\">Leer m\u00e1s<\/a>]<\/p>\n","protected":false},"author":1,"featured_media":0,"parent":14,"menu_order":0,"comment_status":"closed","ping_status":"closed","template":"","meta":{"footnotes":""},"categories":[19],"tags":[],"class_list":["post-193","page","type-page","status-publish","hentry","category-evaluacion_nacional"],"_links":{"self":[{"href":"https:\/\/evalua.catedu.es\/evaluacion\/index.php?rest_route=\/wp\/v2\/pages\/193","targetHints":{"allow":["GET"]}}],"collection":[{"href":"https:\/\/evalua.catedu.es\/evaluacion\/index.php?rest_route=\/wp\/v2\/pages"}],"about":[{"href":"https:\/\/evalua.catedu.es\/evaluacion\/index.php?rest_route=\/wp\/v2\/types\/page"}],"author":[{"embeddable":true,"href":"https:\/\/evalua.catedu.es\/evaluacion\/index.php?rest_route=\/wp\/v2\/users\/1"}],"replies":[{"embeddable":true,"href":"https:\/\/evalua.catedu.es\/evaluacion\/index.php?rest_route=%2Fwp%2Fv2%2Fcomments&post=193"}],"version-history":[{"count":33,"href":"https:\/\/evalua.catedu.es\/evaluacion\/index.php?rest_route=\/wp\/v2\/pages\/193\/revisions"}],"predecessor-version":[{"id":1771,"href":"https:\/\/evalua.catedu.es\/evaluacion\/index.php?rest_route=\/wp\/v2\/pages\/193\/revisions\/1771"}],"up":[{"embeddable":true,"href":"https:\/\/evalua.catedu.es\/evaluacion\/index.php?rest_route=\/wp\/v2\/pages\/14"}],"wp:attachment":[{"href":"https:\/\/evalua.catedu.es\/evaluacion\/index.php?rest_route=%2Fwp%2Fv2%2Fmedia&parent=193"}],"wp:term":[{"taxonomy":"category","embeddable":true,"href":"https:\/\/evalua.catedu.es\/evaluacion\/index.php?rest_route=%2Fwp%2Fv2%2Fcategories&post=193"},{"taxonomy":"post_tag","embeddable":true,"href":"https:\/\/evalua.catedu.es\/evaluacion\/index.php?rest_route=%2Fwp%2Fv2%2Ftags&post=193"}],"curies":[{"name":"wp","href":"https:\/\/api.w.org\/{rel}","templated":true}]}}