{"id":1918,"date":"2019-01-21T12:19:37","date_gmt":"2019-01-21T11:19:37","guid":{"rendered":"http:\/\/evalua.catedu.es\/evaluacion\/?page_id=1918"},"modified":"2019-04-11T13:32:09","modified_gmt":"2019-04-11T11:32:09","slug":"realizacion-2017-2018-2","status":"publish","type":"page","link":"https:\/\/evalua.catedu.es\/evaluacion\/?page_id=1918","title":{"rendered":"Realizaci\u00f3n 2018-2019"},"content":{"rendered":"<table>\n<tbody>\n<tr>\n<td style=\"text-align: center;\"><a href=\"http:\/\/evalua.catedu.es\/evaluacion\/?page_id=1545\">Materiales Evaluaci\u00f3n 3\u00ba EP<\/a><!--<span id=\"atenuado\"><\/br>Materiales Apoyo Evaluaci\u00f3n (3\u00ba Primaria)<\/span> --><\/td>\n<td style=\"text-align: center;\"><a href=\"http:\/\/evalua.catedu.es\/evaluacion\/?page_id=1624\">Tareas Competenciales<\/a><!--<span id=\"atenuado\"><\/br>Materiales Apoyo Evaluaci\u00f3n (6\u00ba Primaria)<\/span>--><\/td>\n<\/tr>\n<tr>\n<td style=\"text-align: center;\" colspan=\"2\"><a href=\"http:\/\/evalua.catedu.es\/evaluacion\/?page_id=1906\">Pruebas de diagn\u00f3stico de 4\u00ba curso de ESO y 6\u00ba curso de Educaci\u00f3n Primaria (edici\u00f3n 2017-18)<\/a><\/td>\n<\/tr>\n<\/tbody>\n<\/table>\n<p><!-- Preguntas frecuentes --><\/p>\n<table width=\"100%\" cellspacing=\"1\" cellpadding=\"1\" border=\"0\" align=\"left\">\n<tbody>\n<tr>\n<th colspan=\"2\">Preguntas frecuentes<\/th>\n<\/tr>\n<tr>\n<td width=\"10%\"><img decoding=\"async\" id=\"iconoEnTabla\" src=\"http:\/\/evalua.catedu.es\/evaluacion\/wp-content\/uploads\/PreguntasFrecuentes.jpg\" alt=\"\"><\/td>\n<td width=\"90%\"><a href=\"http:\/\/evalua.catedu.es\/evaluacion\/?page_id=1922\">Preguntas frecuentes<\/a><span id=\"revisado\"> (\u00daltima entrada: Pregunta 5, 11\/04\/2019)<\/span><\/td>\n<\/tr>\n<\/tbody>\n<\/table>\n<p><!-- Planificaci\u00f3n --><\/p>\n<p><!--\n\n\n<tr>\n\n\n<td width=\"10%\"><img decoding=\"async\" id=\"iconoEnTabla\" src=\"http:\/\/evalua.catedu.es\/imagenes\/iconos\/pdf_24.png\" alt=\"\"><\/td>\n\n\n\n\n<td width=\"90%\"><a href=\"http:\/\/evalua.catedu.es\/evaluacion\/wp-content\/uploads\/ReunionCP20190307.pdf\" target=\"_blank\" rel=\"noopener noreferrer\">Presentaci\u00f3n utilizada en la reuni\u00f3n de CP Mar\u00eda de \u00c1vila el 07\/03\/2019<\/a><span id=\"pa\"> [pa]<\/span><span id=\"revisado\">(Revisada 06\/03\/2019-Se eliminar\u00e1 el enlace en una semana)<\/span><\/td>\n\n\n<\/tr>\n\n\n--><\/p>\n<table width=\"100%\" cellspacing=\"1\" cellpadding=\"1\" border=\"0\" align=\"left\">\n<tbody>\n<tr>\n<th colspan=\"2\">Planificaci\u00f3n<\/th>\n<\/tr>\n<tr>\n<td width=\"10%\"><img decoding=\"async\" id=\"iconoEnTabla\" src=\"http:\/\/evalua.catedu.es\/imagenes\/iconos\/pdf_24.png\" alt=\"\"><\/td>\n<td width=\"90%\"><a href=\"http:\/\/evalua.catedu.es\/evaluacion\/wp-content\/uploads\/CentrosMuestra2019.pdf\" target=\"_blank\" rel=\"noopener noreferrer\">Centros seleccionados para la muestra<\/a><span id=\"pa\"> [pa]<\/span><span id=\"revisado\">(Revisada 04\/03\/2019)<\/span><\/td>\n<\/tr>\n<tr>\n<td width=\"10%\"><img decoding=\"async\" id=\"iconoEnTabla\" src=\"http:\/\/evalua.catedu.es\/imagenes\/iconos\/pdf_24.png\" alt=\"\"><\/td>\n<td width=\"90%\"><a href=\"http:\/\/evalua.catedu.es\/evaluacion\/wp-content\/uploads\/06_ManualAlumno_18_19.pdf\" target=\"_blank\" rel=\"noopener noreferrer\">Manual ACE estudiantes 6EP<\/a><span id=\"pa\"> [pa]<\/span><span id=\"revisado\">(Revisada 06\/03\/2019)<\/span><\/td>\n<\/tr>\n<tr>\n<td width=\"10%\"><img decoding=\"async\" id=\"iconoEnTabla\" src=\"http:\/\/evalua.catedu.es\/imagenes\/iconos\/pdf_24.png\" alt=\"\"><\/td>\n<td width=\"90%\"><a href=\"http:\/\/evalua.catedu.es\/evaluacion\/wp-content\/uploads\/0A_ManualAlumno_18_19.pdf\" target=\"_blank\" rel=\"noopener noreferrer\">Manual ACE estudiantes 4ESO<\/a><span id=\"pa\"> [pa]<\/span><span id=\"revisado\">(Revisada 06\/03\/2019)<\/span><\/td>\n<\/tr>\n<tr>\n<td width=\"10%\"><img decoding=\"async\" id=\"iconoEnTabla\" src=\"http:\/\/evalua.catedu.es\/imagenes\/iconos\/pdf_24.png\" alt=\"\"><\/td>\n<td width=\"90%\"><a href=\"http:\/\/evalua.catedu.es\/evaluacion\/wp-content\/uploads\/Manual_Rapido_UsuarioACE_18_19.pdf\" target=\"_blank\" rel=\"noopener noreferrer\">Manual de acceso r\u00e1pido a ACE<\/a><span id=\"pa\"> [pa]<\/span><span id=\"revisado\">(Revisada 06\/03\/2019)<\/span><\/td>\n<\/tr>\n<tr>\n<td width=\"10%\"><img decoding=\"async\" id=\"iconoEnTabla\" src=\"http:\/\/evalua.catedu.es\/imagenes\/iconos\/word_24.png\" alt=\"\"><\/td>\n<td width=\"90%\"><a href=\"http:\/\/evalua.catedu.es\/evaluacion\/wp-content\/uploads\/AnexoI_Planificacion6EP_2018_19.docx\" target=\"_blank\" rel=\"noopener noreferrer\">Anexo I de la Resoluci\u00f3n. Modelo de Planificaci\u00f3n, nivel de 6EP, para enviar a Inspecci\u00f3n de la Educaci\u00f3n. <\/a><span id=\"pa\"> [pa]<\/span><span id=\"revisado\">(Revisada 01\/03\/2019)<\/span><\/td>\n<\/tr>\n<tr>\n<td width=\"10%\"><img decoding=\"async\" id=\"iconoEnTabla\" src=\"http:\/\/evalua.catedu.es\/imagenes\/iconos\/word_24.png\" alt=\"\"><\/td>\n<td width=\"90%\"><a href=\"http:\/\/evalua.catedu.es\/evaluacion\/wp-content\/uploads\/AnexoII_Planificacion4ESO_2018_19.docx\" target=\"_blank\" rel=\"noopener noreferrer\">Anexo II de la Resoluci\u00f3n. Modelo de Planificaci\u00f3n, nivel de 4ESO, para enviar a Inspecci\u00f3n de la Educaci\u00f3n. <\/a><span id=\"pa\"> [pa]<\/span><span id=\"revisado\">(Revisada 01\/03\/2019)<\/span><\/td>\n<\/tr>\n<tr>\n<td width=\"10%\"><img decoding=\"async\" id=\"iconoEnTabla\" src=\"http:\/\/evalua.catedu.es\/imagenes\/iconos\/pdf_24.png\" alt=\"\"><\/td>\n<td width=\"90%\"><a href=\"http:\/\/evalua.catedu.es\/evaluacion\/wp-content\/uploads\/InstruccionesEvaluacionDiagnostica2019.pdf\" target=\"_blank\" rel=\"noopener noreferrer\">Instrucciones para el desarrollo de la evaluaci\u00f3n.<\/a><span id=\"pa\"> [pa]<\/span><span id=\"revisado\">(Revisada 21\/03\/2019)<\/span><\/td>\n<\/tr>\n<\/tbody>\n<\/table>\n","protected":false},"excerpt":{"rendered":"<p><a href=\"http:\/\/evalua.catedu.es\/evaluacion\/?page_id=1545\">Materiales Evaluaci\u00f3n 3\u00ba EP<\/a><br \/>\n<a href=\"http:\/\/evalua.catedu.es\/evaluacion\/?page_id=1624\">Tareas Competenciales<\/a><\/p>\n<p><a href=\"http:\/\/evalua.catedu.es\/evaluacion\/?page_id=1906\">Pruebas de diagn\u00f3stico de 4\u00ba curso de ESO y 6\u00ba curso de Educaci\u00f3n Primaria (edici\u00f3n 2017-18)<\/a><\/p>\n<p>Preguntas frecuentes<\/p>\n<p><a href=\"http:\/\/evalua.catedu.es\/evaluacion\/?page_id=1922\">Preguntas frecuentes<\/a> (\u00daltima entrada: Pregunta 5, 11\/04\/2019)<\/p>\n<\/p>\n<p>Planificaci\u00f3n<\/p>\n<p><a href=\"http:\/\/evalua.catedu.es\/evaluacion\/wp-content\/uploads\/CentrosMuestra2019.pdf\" target=\"_blank\" rel=\"noopener noreferrer\">Centros seleccionados para la muestra<\/a> [pa](Revisada 04\/03\/2019)<\/p>\n<p><a href=\"http:\/\/evalua.catedu.es\/evaluacion\/wp-content\/uploads\/06_ManualAlumno_18_19.pdf\" target=\"_blank\" rel=\"noopener noreferrer\">Manual ACE estudiantes 6EP<\/a> [pa](Revisada 06\/03\/2019)<\/p>\n<p><a [<a href=\"https:\/\/evalua.catedu.es\/evaluacion\/?page_id=1918\">Leer m\u00e1s<\/a>]<\/p>\n","protected":false},"author":1,"featured_media":0,"parent":0,"menu_order":0,"comment_status":"closed","ping_status":"closed","template":"","meta":{"footnotes":""},"categories":[9,49],"tags":[],"class_list":["post-1918","page","type-page","status-publish","hentry","category-evaluacion_aragon","category-evaluacion_aragon_2018_2019"],"_links":{"self":[{"href":"https:\/\/evalua.catedu.es\/evaluacion\/index.php?rest_route=\/wp\/v2\/pages\/1918","targetHints":{"allow":["GET"]}}],"collection":[{"href":"https:\/\/evalua.catedu.es\/evaluacion\/index.php?rest_route=\/wp\/v2\/pages"}],"about":[{"href":"https:\/\/evalua.catedu.es\/evaluacion\/index.php?rest_route=\/wp\/v2\/types\/page"}],"author":[{"embeddable":true,"href":"https:\/\/evalua.catedu.es\/evaluacion\/index.php?rest_route=\/wp\/v2\/users\/1"}],"replies":[{"embeddable":true,"href":"https:\/\/evalua.catedu.es\/evaluacion\/index.php?rest_route=%2Fwp%2Fv2%2Fcomments&post=1918"}],"version-history":[{"count":16,"href":"https:\/\/evalua.catedu.es\/evaluacion\/index.php?rest_route=\/wp\/v2\/pages\/1918\/revisions"}],"predecessor-version":[{"id":2003,"href":"https:\/\/evalua.catedu.es\/evaluacion\/index.php?rest_route=\/wp\/v2\/pages\/1918\/revisions\/2003"}],"wp:attachment":[{"href":"https:\/\/evalua.catedu.es\/evaluacion\/index.php?rest_route=%2Fwp%2Fv2%2Fmedia&parent=1918"}],"wp:term":[{"taxonomy":"category","embeddable":true,"href":"https:\/\/evalua.catedu.es\/evaluacion\/index.php?rest_route=%2Fwp%2Fv2%2Fcategories&post=1918"},{"taxonomy":"post_tag","embeddable":true,"href":"https:\/\/evalua.catedu.es\/evaluacion\/index.php?rest_route=%2Fwp%2Fv2%2Ftags&post=1918"}],"curies":[{"name":"wp","href":"https:\/\/api.w.org\/{rel}","templated":true}]}}