{"id":1837,"date":"2018-04-10T11:43:36","date_gmt":"2018-04-10T09:43:36","guid":{"rendered":"http:\/\/evalua.catedu.es\/evaluacion\/?page_id=1837"},"modified":"2019-01-21T14:12:09","modified_gmt":"2019-01-21T13:12:09","slug":"pisa-2018","status":"publish","type":"page","link":"https:\/\/evalua.catedu.es\/evaluacion\/?page_id=1837","title":{"rendered":"PISA 2018"},"content":{"rendered":"<ul>\n<li><a href=\"http:\/\/www.mecd.gob.es\/inee\/evaluaciones-internacionales\/pisa\/pisa-2018.html\" target=\"_blank\" rel=\"noopener\">Enlace a informaci\u00f3n en la web del INEE<\/a><\/li>\n<li>N\u00famero de centros participantes en la C. A. de Arag\u00f3n (en Espa\u00f1a, m\u00e1s de 1100 centros y, aproximadamente, 46100 estudiantes):<\/li>\n<\/ul>\n\n\n<table class=\"wp-block-table aligncenter\"><tbody><tr><td><\/td><td>Huesca<\/td><td>Teruel<\/td><td>Zaragoza<\/td><td><\/td><\/tr><tr><td>Titularidad p\u00fablica<\/td><td>5<\/td><td>4<\/td><td>23<\/td><td><strong>32<\/strong><\/td><\/tr><tr><td>Titularidad privada<\/td><td>3<\/td><td>2<\/td><td>15<\/td><td><strong>20<\/strong><\/td><\/tr><tr><td><\/td><td><strong>8<\/strong><\/td><td><strong>6<\/strong><\/td><td><strong>38<\/strong><\/td><td><strong>52<\/strong><\/td><\/tr><\/tbody><\/table>\n\n\n\n<ul class=\"wp-block-list\"><li>En total participan 80 pa\u00edses con un n\u00famero aproximado de 13000 centros y 515000 estudiantes.<\/li><li>Fechas de aplicaci\u00f3n: Entre el 23 de abril y el 31 de mayo de 2018.<\/li><li>Estudiantes nacidos en 2002.<\/li><li>Contenido: Evaluaci\u00f3n de lectura (\u00e1rea principal en 2018), matem\u00e1ticas (\u00e1rea secundaria en 2018), ciencias (\u00e1rea secundaria en 2018), competencia financiera (solo a estudiantes de los 5 centros que corresponden a la muestra nacional) y, como dominio innovador, competencia global.<\/li><li>Fecha prevista para la publicaci\u00f3n del primer informe internacional correspondiente a la edici\u00f3n de 2018: diciembre de 2019.<\/li><\/ul>\n","protected":false},"excerpt":{"rendered":"<p><a href=\"http:\/\/www.mecd.gob.es\/inee\/evaluaciones-internacionales\/pisa\/pisa-2018.html\" target=\"_blank\" rel=\"noopener\">Enlace a informaci\u00f3n en la web del INEE<\/a><br \/>\nN\u00famero de centros participantes en la C. A. de Arag\u00f3n (en Espa\u00f1a, m\u00e1s de 1100 centros y, aproximadamente, 46100 estudiantes):<\/p>\n<p>HuescaTeruelZaragozaTitularidad p\u00fablica542332Titularidad privada321520863852<\/p>\n<p>En total participan 80 pa\u00edses con un n\u00famero aproximado de 13000 centros y 515000 estudiantes.Fechas de aplicaci\u00f3n: Entre el [<a href=\"https:\/\/evalua.catedu.es\/evaluacion\/?page_id=1837\">Leer m\u00e1s<\/a>]<\/p>\n","protected":false},"author":1,"featured_media":0,"parent":0,"menu_order":0,"comment_status":"closed","ping_status":"closed","template":"","meta":{"footnotes":""},"categories":[46],"tags":[],"class_list":["post-1837","page","type-page","status-publish","hentry","category-pisa_2018"],"_links":{"self":[{"href":"https:\/\/evalua.catedu.es\/evaluacion\/index.php?rest_route=\/wp\/v2\/pages\/1837","targetHints":{"allow":["GET"]}}],"collection":[{"href":"https:\/\/evalua.catedu.es\/evaluacion\/index.php?rest_route=\/wp\/v2\/pages"}],"about":[{"href":"https:\/\/evalua.catedu.es\/evaluacion\/index.php?rest_route=\/wp\/v2\/types\/page"}],"author":[{"embeddable":true,"href":"https:\/\/evalua.catedu.es\/evaluacion\/index.php?rest_route=\/wp\/v2\/users\/1"}],"replies":[{"embeddable":true,"href":"https:\/\/evalua.catedu.es\/evaluacion\/index.php?rest_route=%2Fwp%2Fv2%2Fcomments&post=1837"}],"version-history":[{"count":11,"href":"https:\/\/evalua.catedu.es\/evaluacion\/index.php?rest_route=\/wp\/v2\/pages\/1837\/revisions"}],"predecessor-version":[{"id":1951,"href":"https:\/\/evalua.catedu.es\/evaluacion\/index.php?rest_route=\/wp\/v2\/pages\/1837\/revisions\/1951"}],"wp:attachment":[{"href":"https:\/\/evalua.catedu.es\/evaluacion\/index.php?rest_route=%2Fwp%2Fv2%2Fmedia&parent=1837"}],"wp:term":[{"taxonomy":"category","embeddable":true,"href":"https:\/\/evalua.catedu.es\/evaluacion\/index.php?rest_route=%2Fwp%2Fv2%2Fcategories&post=1837"},{"taxonomy":"post_tag","embeddable":true,"href":"https:\/\/evalua.catedu.es\/evaluacion\/index.php?rest_route=%2Fwp%2Fv2%2Ftags&post=1837"}],"curies":[{"name":"wp","href":"https:\/\/api.w.org\/{rel}","templated":true}]}}