{"id":1788,"date":"2018-02-16T10:35:38","date_gmt":"2018-02-16T09:35:38","guid":{"rendered":"http:\/\/evalua.catedu.es\/evaluacion\/?page_id=1788"},"modified":"2018-05-23T11:57:06","modified_gmt":"2018-05-23T09:57:06","slug":"realizacion-2017-2018","status":"publish","type":"page","link":"https:\/\/evalua.catedu.es\/evaluacion\/?page_id=1788","title":{"rendered":"Realizaci\u00f3n 2017-2018"},"content":{"rendered":"<table>\n<tbody>\n<tr>\n<td style=\"text-align: center;\"><a href=\"http:\/\/evalua.catedu.es\/evaluacion\/?page_id=1545\">Materiales Evaluaci\u00f3n 3\u00ba EP<\/a><!--<span id=\"atenuado\"><\/br>Materiales Apoyo Evaluaci\u00f3n (3\u00ba Primaria)<\/span> --><\/td>\n<td style=\"text-align: center;\"><a href=\"http:\/\/evalua.catedu.es\/evaluacion\/?page_id=1624\">Tareas Competenciales<\/a><!--<span id=\"atenuado\"><\/br>Materiales Apoyo Evaluaci\u00f3n (6\u00ba Primaria)<\/span>--><\/td>\n<\/tr>\n<tr>\n<td colspan=\"2\" style=\"text-align: center\"><a href=\"http:\/\/evalua.catedu.es\/evaluacion\/?page_id=1758\">Pruebas de diagn\u00f3stico de 4\u00ba curso de ESO y 6\u00ba curso de Educaci\u00f3n Primaria (edici\u00f3n 2016-17)<\/td>\n<\/tr>\n<\/tbody>\n<\/table>\n<p><!-- Preguntas frecuentes --><\/p>\n<table border=\"0\" width=\"100%\" cellspacing=\"1\" cellpadding=\"1\" align=\"left\">\n<tbody>\n<tr>\n<th colspan=\"2\">Preguntas frecuentes<\/th>\n<\/tr>\n<tr>\n<td width=\"10%\"><img decoding=\"async\" id=\"iconoEnTabla\" src=\"http:\/\/evalua.catedu.es\/evaluacion\/wp-content\/uploads\/PreguntasFrecuentes.jpg\" alt=\"\" \/><\/td>\n<td width=\"90%\"><a href=\"http:\/\/evalua.catedu.es\/evaluacion\/?page_id=1845\">Preguntas frecuentes<\/a><span id=\"revisado\"> (\u00daltima entrada: Pregunta 8, 23\/05\/2018)<\/span><\/td>\n<\/tr>\n<\/tbody>\n<\/table>\n<p><!-- Planificaci\u00f3n --><\/p>\n<table border=\"0\" width=\"100%\" cellspacing=\"1\" cellpadding=\"1\" align=\"left\">\n<tbody>\n<tr>\n<th colspan=\"2\">Planificaci\u00f3n<\/th>\n<\/tr>\n<p><!--\n\n\n<tr>\n\n\n<td width=\"10%\"><img decoding=\"async\" id=\"iconoEnTabla\" src=\"http:\/\/evalua.catedu.es\/imagenes\/iconos\/word_24.png\" alt=\"\" \/><\/td>\n\n\n\n\n<td width=\"90%\"><a href=\"http:\/\/evalua.catedu.es\/evaluacion\/wp-content\/uploads\/ObtencionDatosAlumnos.doc\" target=\"_blank\">Carga de datos de alumnos centros sin GIR<\/a><span id=\"pa\"> [pa]<\/span><span id=\"revisado\">(Revisada 15\/02\/2017)<\/span><\/td>\n\n\n<\/tr>\n\n\n--><\/p>\n<tr>\n<td width=\"10%\"><img decoding=\"async\" id=\"iconoEnTabla\" src=\"http:\/\/evalua.catedu.es\/imagenes\/iconos\/pdf_24.png\" alt=\"\" \/><\/td>\n<td width=\"90%\"><a href=\"http:\/\/evalua.catedu.es\/evaluacion\/wp-content\/uploads\/06_ManualAlumno_17_18.pdf\" target=\"_blank\">Manual ACE estudiantes 6EP<\/a><span id=\"pa\"> [pa]<\/span><span id=\"revisado\">(Revisada 06\/03\/2018)<\/span><\/td>\n<\/tr>\n<tr>\n<td width=\"10%\"><img decoding=\"async\" id=\"iconoEnTabla\" src=\"http:\/\/evalua.catedu.es\/imagenes\/iconos\/pdf_24.png\" alt=\"\" \/><\/td>\n<td width=\"90%\"><a href=\"http:\/\/evalua.catedu.es\/evaluacion\/wp-content\/uploads\/0A_ManualAlumno_17_18.pdf\" target=\"_blank\">Manual ACE estudiantes 4ESO<\/a><span id=\"pa\"> [pa]<\/span><span id=\"revisado\">(Revisada 06\/03\/2018)<\/span><\/td>\n<\/tr>\n<tr>\n<td width=\"10%\"><img decoding=\"async\" id=\"iconoEnTabla\" src=\"http:\/\/evalua.catedu.es\/imagenes\/iconos\/pdf_24.png\" alt=\"\" \/><\/td>\n<td width=\"90%\"><a href=\"http:\/\/evalua.catedu.es\/evaluacion\/wp-content\/uploads\/Manual_Rapido_UsuarioACE_17_18.pdf\" target=\"_blank\">Manual de acceso r\u00e1pido a ACE<\/a><span id=\"pa\"> [pa]<\/span><span id=\"revisado\">(Revisada 06\/03\/2018)<\/span><\/td>\n<\/tr>\n<tr>\n<td width=\"10%\"><img decoding=\"async\" id=\"iconoEnTabla\" src=\"http:\/\/evalua.catedu.es\/imagenes\/iconos\/word_24.png\" alt=\"\" \/><\/td>\n<td width=\"90%\"><a href=\"http:\/\/evalua.catedu.es\/evaluacion\/wp-content\/uploads\/AnexoI_Planificacion6EP_2017_18.docx\" target=\"_blank\">Anexo I de la Resoluci\u00f3n. Modelo de Planificaci\u00f3n, nivel de 6EP, para enviar a Inspecci\u00f3n de la Educaci\u00f3n. <\/a><span id=\"pa\"> [pa]<\/span><span id=\"revisado\">(Revisada 26\/02\/2018)<\/span><\/td>\n<\/tr>\n<tr>\n<td width=\"10%\"><img decoding=\"async\" id=\"iconoEnTabla\" src=\"http:\/\/evalua.catedu.es\/imagenes\/iconos\/word_24.png\" alt=\"\" \/><\/td>\n<td width=\"90%\"><a href=\"http:\/\/evalua.catedu.es\/evaluacion\/wp-content\/uploads\/AnexoII_Planificacion4ESO_2017_18.docx\" target=\"_blank\">Anexo II de la Resoluci\u00f3n. Modelo de Planificaci\u00f3n, nivel de 4ESO, para enviar a Inspecci\u00f3n de la Educaci\u00f3n. <\/a><span id=\"pa\"> [pa]<\/span><span id=\"revisado\">(Revisada 26\/02\/2018)<\/span><\/td>\n<\/tr>\n<tr>\n<td width=\"10%\"><img decoding=\"async\" id=\"iconoEnTabla\" src=\"http:\/\/evalua.catedu.es\/imagenes\/iconos\/pdf_24.png\" alt=\"\" \/><\/td>\n<td width=\"90%\"><a href=\"http:\/\/evalua.catedu.es\/evaluacion\/wp-content\/uploads\/InstruccionesEvaluacionDiagnostica2018.pdf\" target=\"_blank\">Instrucciones para el desarrollo de la evaluaci\u00f3n. <\/a><span id=\"pa\"> [pa]<\/span><span id=\"revisado\">(Revisada 11\/04\/2018)<\/span><\/td>\n<\/tr>\n<\/tbody>\n<\/table>\n","protected":false},"excerpt":{"rendered":"<p><a href=\"http:\/\/evalua.catedu.es\/evaluacion\/?page_id=1545\">Materiales Evaluaci\u00f3n 3\u00ba EP<\/a><br \/>\n<a href=\"http:\/\/evalua.catedu.es\/evaluacion\/?page_id=1624\">Tareas Competenciales<\/a><\/p>\n<p><a href=\"http:\/\/evalua.catedu.es\/evaluacion\/?page_id=1758\">Pruebas de diagn\u00f3stico de 4\u00ba curso de ESO y 6\u00ba curso de Educaci\u00f3n Primaria (edici\u00f3n 2016-17)<\/p>\n<p>Preguntas frecuentes<\/p>\n<p><a href=\"http:\/\/evalua.catedu.es\/evaluacion\/?page_id=1845\">Preguntas frecuentes<\/a> (\u00daltima entrada: Pregunta 8, 23\/05\/2018)<\/p>\n<p>Planificaci\u00f3n<\/p>\n<p><a href=\"http:\/\/evalua.catedu.es\/evaluacion\/wp-content\/uploads\/06_ManualAlumno_17_18.pdf\" target=\"_blank\">Manual ACE estudiantes 6EP<\/a> [pa](Revisada 06\/03\/2018)<\/p>\n<p><a href=\"http:\/\/evalua.catedu.es\/evaluacion\/wp-content\/uploads\/0A_ManualAlumno_17_18.pdf\" target=\"_blank\">Manual ACE estudiantes 4ESO<\/a> [pa](Revisada 06\/03\/2018)<\/p>\n<p><a href=\"http:\/\/evalua.catedu.es\/evaluacion\/wp-content\/uploads\/Manual_Rapido_UsuarioACE_17_18.pdf\" target=\"_blank\">Manual de acceso r\u00e1pido [<a href=\"https:\/\/evalua.catedu.es\/evaluacion\/?page_id=1788\">Leer m\u00e1s<\/a>]<\/p>\n","protected":false},"author":1,"featured_media":0,"parent":0,"menu_order":0,"comment_status":"closed","ping_status":"closed","template":"","meta":{"footnotes":""},"categories":[9,44],"tags":[],"class_list":["post-1788","page","type-page","status-publish","hentry","category-evaluacion_aragon","category-evaluacion_aragon_2017_2018"],"_links":{"self":[{"href":"https:\/\/evalua.catedu.es\/evaluacion\/index.php?rest_route=\/wp\/v2\/pages\/1788","targetHints":{"allow":["GET"]}}],"collection":[{"href":"https:\/\/evalua.catedu.es\/evaluacion\/index.php?rest_route=\/wp\/v2\/pages"}],"about":[{"href":"https:\/\/evalua.catedu.es\/evaluacion\/index.php?rest_route=\/wp\/v2\/types\/page"}],"author":[{"embeddable":true,"href":"https:\/\/evalua.catedu.es\/evaluacion\/index.php?rest_route=\/wp\/v2\/users\/1"}],"replies":[{"embeddable":true,"href":"https:\/\/evalua.catedu.es\/evaluacion\/index.php?rest_route=%2Fwp%2Fv2%2Fcomments&post=1788"}],"version-history":[{"count":25,"href":"https:\/\/evalua.catedu.es\/evaluacion\/index.php?rest_route=\/wp\/v2\/pages\/1788\/revisions"}],"predecessor-version":[{"id":1885,"href":"https:\/\/evalua.catedu.es\/evaluacion\/index.php?rest_route=\/wp\/v2\/pages\/1788\/revisions\/1885"}],"wp:attachment":[{"href":"https:\/\/evalua.catedu.es\/evaluacion\/index.php?rest_route=%2Fwp%2Fv2%2Fmedia&parent=1788"}],"wp:term":[{"taxonomy":"category","embeddable":true,"href":"https:\/\/evalua.catedu.es\/evaluacion\/index.php?rest_route=%2Fwp%2Fv2%2Fcategories&post=1788"},{"taxonomy":"post_tag","embeddable":true,"href":"https:\/\/evalua.catedu.es\/evaluacion\/index.php?rest_route=%2Fwp%2Fv2%2Ftags&post=1788"}],"curies":[{"name":"wp","href":"https:\/\/api.w.org\/{rel}","templated":true}]}}