{"id":165,"date":"2015-10-27T11:35:06","date_gmt":"2015-10-27T11:35:06","guid":{"rendered":"http:\/\/1.43.10.86\/wordpress\/?page_id=165"},"modified":"2016-03-16T11:16:37","modified_gmt":"2016-03-16T10:16:37","slug":"realizacion-2014-2015","status":"publish","type":"page","link":"https:\/\/evalua.catedu.es\/evaluacion\/?page_id=165","title":{"rendered":"Realizaci\u00f3n 2014-2015"},"content":{"rendered":"<table>\n<tbody>\n<tr>\n<td style=\"text-align: center;\"><a href=\"http:\/\/evalua.catedu.es\/evaluacion\/?page_id=167\">Preguntas frecuentes<\/a><\/td>\n<td style=\"text-align: center;\"><a href=\"http:\/\/evalua.catedu.es\/evaluacion\/?page_id=1575\">Pruebas liberadas<\/a><\/td>\n<\/tr>\n<\/tbody>\n<\/table>\n<hr \/>\n<p><!-- Planificaci\u00f3n --><\/p>\n<table border=\"0\" width=\"100%\" cellspacing=\"1\" cellpadding=\"1\" align=\"left\">\n<tbody>\n<tr>\n<th colspan=\"2\">Planificaci\u00f3n<\/th>\n<\/tr>\n<tr>\n<td width=\"10%\">\u00a0<img decoding=\"async\" id=\"iconoEnTabla\" src=\"http:\/\/evalua.catedu.es\/imagenes\/iconos\/pdf_24.png\" alt=\"\" \/><\/td>\n<td width=\"90%\"><a href=\"http:\/\/evalua.catedu.es\/documentos\/aragon\/realizacion_14_15\/marcoLegal\/InstruccionesEvaluacion_14_15.pdf\" target=\"_blank\"><span id=\"atenuado\">Instrucciones para la realizaci\u00f3n de la evaluaci\u00f3n de diagn\u00f3stico 2015<\/span><\/a><span id=\"pa\"> [pa]<\/span><\/td>\n<\/tr>\n<tr>\n<td width=\"10%\">\u00a0<img decoding=\"async\" id=\"iconoEnTabla\" src=\"http:\/\/evalua.catedu.es\/imagenes\/iconos\/pdf_24.png\" alt=\"\" \/><\/td>\n<td width=\"90%\"><a href=\"http:\/\/evalua.catedu.es\/documentos\/aragon\/realizacion_14_15\/marcoLegal\/ModificacionInstruccionesEvaluacion_14_15.pdf\" target=\"_blank\"><span id=\"atenuado\">Modificacion de las Instrucciones para la realizaci\u00f3n de la evaluaci\u00f3n de diagn\u00f3stico 2015<\/span><\/a><span id=\"pa\"> [pa]<\/span><\/td>\n<\/tr>\n<tr>\n<td width=\"10%\">\u00a0<img decoding=\"async\" id=\"iconoEnTabla\" src=\"http:\/\/evalua.catedu.es\/imagenes\/iconos\/pdf_24.png\" alt=\"\" \/><\/td>\n<td width=\"90%\"><a href=\"http:\/\/evalua.catedu.es\/documentos\/aragon\/realizacion_14_15\/docApoyoRealizacion\/ManualUsuarioACE2015.pdf\" target=\"_blank\"><span id=\"atenuado\">Manual de uso de la aplicaci\u00f3n inform\u00e1tica 2015<\/span><\/a><span id=\"pa\"> [pa]<\/span><span id=\"revisado\">(Revisado 06\/02\/2015)<\/span><\/td>\n<\/tr>\n<tr>\n<td width=\"10%\">\u00a0<img decoding=\"async\" id=\"iconoEnTabla\" src=\"http:\/\/evalua.catedu.es\/imagenes\/iconos\/pdf_24.png\" alt=\"\" \/><\/td>\n<td width=\"90%\"><a href=\"http:\/\/evalua.catedu.es\/documentos\/aragon\/realizacion_14_15\/docApoyoRealizacion\/GuiaAplicacionPrimaria2015.pdf\" target=\"_blank\"><span id=\"atenuado\">Gu\u00eda para el desarrollo de la evaluaci\u00f3n de Primaria 2015<\/span><\/a><span id=\"pa\"> [pa]<\/span><span id=\"revisado\">(Revisada 17\/02\/2015)<\/span><\/td>\n<\/tr>\n<tr>\n<td width=\"10%\">\u00a0<img decoding=\"async\" id=\"iconoEnTabla\" src=\"http:\/\/evalua.catedu.es\/imagenes\/iconos\/word_24.png\" alt=\"\" \/><\/td>\n<td width=\"90%\"><a href=\"http:\/\/evalua.catedu.es\/documentos\/aragon\/realizacion_14_15\/docApoyoRealizacion\/ObtencionDatosSinIES2000.doc\" target=\"_blank\"><span id=\"atenuado\">Carga de datos de alumnos centros sin GIR<\/span><\/a><span id=\"pa\"> [pa]<\/span><span id=\"revisado\">(Revisada 15\/01\/2014)<\/span><\/td>\n<\/tr>\n<\/tbody>\n<\/table>\n<p><!-- Aplicaci\u00f3n--><\/p>\n<table border=\"0\" width=\"100%\" cellspacing=\"1\" cellpadding=\"1\" align=\"left\">\n<tbody>\n<tr>\n<th colspan=\"2\"><strong>Aplicaci\u00f3n<\/strong><\/th>\n<\/tr>\n<tr>\n<td width=\"10%\">\u00a0<img decoding=\"async\" id=\"iconoEnTabla\" src=\"http:\/\/evalua.catedu.es\/imagenes\/iconos\/pdf_24.png\" alt=\"\" \/><\/td>\n<td width=\"90%\"><a href=\"http:\/\/evalua.catedu.es\/documentos\/aragon\/realizacion_12_13\/docApoyoRealizacion\/paises_2012.pdf\" target=\"_blank\"><span id=\"atenuado\">Clasificaci\u00f3n de pa\u00edses por entorno cultural familiar<\/span><\/a><span id=\"pa\"> [pa]<\/span><\/td>\n<\/tr>\n<tr>\n<td width=\"10%\">\u00a0<img decoding=\"async\" id=\"iconoEnTabla\" src=\"http:\/\/evalua.catedu.es\/imagenes\/iconos\/pdf_24.png\" alt=\"\" \/><\/td>\n<td width=\"90%\"><a href=\"http:\/\/evalua.catedu.es\/documentos\/aragon\/realizacion_14_15\/docApoyoRealizacion\/CuestionarioISocioCultural_2014-2015_cp.pdf\" target=\"_blank\"><span id=\"atenuado\">Cuestionario de nivel socioecon\u00f3mico y cultural (captura de pantalla)<\/span><\/a><span id=\"pa\"> [pa]<\/span><\/td>\n<\/tr>\n<tr>\n<td width=\"10%\">\u00a0<img decoding=\"async\" id=\"iconoEnTabla\" src=\"http:\/\/evalua.catedu.es\/imagenes\/iconos\/pdf_24.png\" alt=\"\" \/><\/td>\n<td width=\"90%\"><a href=\"http:\/\/evalua.catedu.es\/documentos\/aragon\/realizacion_14_15\/docApoyoRealizacion\/CuestionarioISocioCultural_2014-2015.pdf\" target=\"_blank\"><span id=\"atenuado\">Cuestionario de nivel socioecon\u00f3mico y cultural<\/span><\/a><span id=\"pa\"> [pa]<\/span><\/td>\n<\/tr>\n<p><!--  \n\n<tr>\n\n\n<td width=\"10%\">\u00a0<img decoding=\"async\" id=\"iconoEnTabla\" src=\"http:\/\/evalua.catedu.es\/imagenes\/iconos\/pdf_24.png\" alt=\"\" \/><\/td>\n\n\n\n\n<td width=\"90%\"><span id=\"atenuado\">Instrucciones para la aplicaci\u00f3n de pruebas de evaluaci\u00f3n individualizada<\/span>\u00a0\u00a0<span id=\"revisado\">(Revisadas 02\/02\/2015)<\/span><\/td>\n\n\n<\/tr>\n\n --><\/p>\n<tr>\n<td width=\"10%\">\u00a0<img decoding=\"async\" id=\"iconoEnTabla\" src=\"http:\/\/evalua.catedu.es\/imagenes\/iconos\/winzip_24.png\" alt=\"\" \/><\/td>\n<td width=\"90%\"><a href=\"http:\/\/evalua.catedu.es\/documentos\/aragon\/realizacion_14_15\/docApoyoRealizacion\/PortafolioCastellanoDefinitivo.zip\"><span id=\"atenuado\">Instrucciones para la aplicaci\u00f3n del portafolio. Lengua castellana<\/span><\/a><span id=\"pa\"> [pa]<\/span><span id=\"revisado\">(Revisadas 23\/02\/2015)<\/span><\/td>\n<\/tr>\n<tr>\n<td width=\"10%\">\u00a0<img decoding=\"async\" id=\"iconoEnTabla\" src=\"http:\/\/evalua.catedu.es\/imagenes\/iconos\/winzip_24.png\" alt=\"\" \/><\/td>\n<td width=\"90%\"><a href=\"http:\/\/evalua.catedu.es\/documentos\/aragon\/realizacion_14_15\/docApoyoRealizacion\/PortafolioInglesDefinitivo.zip\"><span id=\"atenuado\">Instrucciones para la aplicaci\u00f3n del portafolio. Ingl\u00e9s<\/span><\/a><span id=\"pa\"> [pa]<\/span><span id=\"revisado\">(Revisadas 23\/02\/2015)<\/span><\/td>\n<\/tr>\n<tr>\n<td width=\"10%\">\u00a0<img decoding=\"async\" id=\"iconoEnTabla\" src=\"http:\/\/evalua.catedu.es\/imagenes\/iconos\/pdf_24.png\" alt=\"\" \/><\/td>\n<td width=\"90%\"><a href=\"http:\/\/evalua.catedu.es\/documentos\/aragon\/realizacion_14_15\/docApoyoRealizacion\/InstruccionesPruebas_2015.pdf\" target=\"_blank\"><span id=\"atenuado\">Instrucciones adicionales para la aplicaci\u00f3n de las pruebas de evaluaci\u00f3n individualizada<\/span><\/a><span id=\"pa\"> [pa]<\/span><\/td>\n<\/tr>\n<tr>\n<td width=\"10%\">\u00a0<img decoding=\"async\" id=\"iconoEnTabla\" src=\"http:\/\/evalua.catedu.es\/imagenes\/iconos\/pdf_24.png\" alt=\"\" \/><\/td>\n<td width=\"90%\"><a href=\"http:\/\/evalua.catedu.es\/documentos\/aragon\/realizacion_14_15\/docApoyoRealizacion\/ProcedimientoReclamacionEvIndividualizada2015.pdf\" target=\"_blank\"><span id=\"atenuado\">Procedimiento de reclamaci\u00f3n sobre la calificaci\u00f3n de la Evaluaci\u00f3n Individualizada.<\/span><\/a><span id=\"pa\"> [pa]<\/span><span id=\"revisado\">(Revisado 26\/06\/2015)<\/span><\/td>\n<\/tr>\n<\/tbody>\n<\/table>\n<p><!-- Interpretaci\u00f3n--><\/p>\n<table border=\"0\" width=\"100%\" cellspacing=\"1\" cellpadding=\"1\" align=\"left\">\n<tbody>\n<tr>\n<th colspan=\"2\">Interpretaci\u00f3n<\/th>\n<\/tr>\n<tr>\n<td width=\"10%\">\u00a0<img decoding=\"async\" id=\"iconoEnTabla\" src=\"http:\/\/evalua.catedu.es\/imagenes\/iconos\/pdf_24.png\" alt=\"\" \/><\/td>\n<td width=\"90%\"><a href=\"http:\/\/evalua.catedu.es\/documentos\/aragon\/realizacion_14_15\/docApoyoRealizacion\/GuiaInterpretacionInformes20150626.pdf\" target=\"_blank\">Gu\u00eda de interpretaci\u00f3n de los resultados de la evaluaci\u00f3n 2015<\/a><span id=\"pa\"> [pa]<\/span><span id=\"revisado\">(Revisada 10\/06\/2015)<\/span><\/td>\n<\/tr>\n<tr>\n<td width=\"10%\">\u00a0<img decoding=\"async\" id=\"iconoEnTabla\" src=\"http:\/\/evalua.catedu.es\/imagenes\/iconos\/pdf_24.png\" alt=\"\" \/><\/td>\n<td width=\"90%\"><a href=\"http:\/\/evalua.catedu.es\/documentos\/aragon\/realizacion_14_15\/docApoyoRealizacion\/GuiaInterpretacionInformeDiagnostico2015.pdf\" target=\"_blank\">Gu\u00eda de interpretaci\u00f3n del informe de Diagn\u00f3stico 2015<\/a><span id=\"pa\"> [pa]<\/span><span id=\"revisado\">(Revisada 04\/09\/2015)<\/span><\/td>\n<\/tr>\n<tr>\n<td width=\"10%\">\u00a0<img decoding=\"async\" id=\"iconoEnTabla\" src=\"http:\/\/evalua.catedu.es\/imagenes\/iconos\/pdf_24.png\" alt=\"\" \/><\/td>\n<td width=\"90%\"><a href=\"http:\/\/evalua.catedu.es\/documentos\/aragon\/realizacion_14_15\/docApoyoRealizacion\/ClasificacionItemMatriz3PRI_2015.pdf\" target=\"_blank\">Clasificaci\u00f3n de los \u00edtems en las matrices del marco te\u00f3rico<\/a><span id=\"pa\"> [pa]<\/span><span id=\"revisado\">(Revisado 10\/06\/2015)<\/span><\/td>\n<\/tr>\n<tr>\n<td width=\"10%\">\u00a0<img decoding=\"async\" id=\"iconoEnTabla\" src=\"http:\/\/evalua.catedu.es\/imagenes\/iconos\/pdf_24.png\" alt=\"\" \/><\/td>\n<td width=\"90%\"><a href=\"http:\/\/evalua.catedu.es\/documentos\/aragon\/realizacion_14_15\/docApoyoRealizacion\/TablaResumenEvIndiv2015.pdf\" target=\"_blank\">Tabla resumen de resultados de la Evaluaci\u00f3n Individualizada 2015<\/a><span id=\"pa\"> [pa]<\/span><\/td>\n<\/tr>\n<\/tbody>\n<\/table>\n<p><!-- Porcentajes de respuestas --><\/p>\n<table border=\"0\" width=\"100%\" cellspacing=\"1\" cellpadding=\"1\" align=\"left\">\n<tbody>\n<tr>\n<th colspan=\"2\">Porcentajes de respuestas en las pruebas de Diagn\u00f3stico. Arag\u00f3n 2014-2015<\/th>\n<\/tr>\n<tr>\n<td width=\"10%\">\u00a0<img decoding=\"async\" id=\"iconoEnTabla\" src=\"http:\/\/evalua.catedu.es\/imagenes\/iconos\/excel_24.png\" alt=\"\" \/><\/td>\n<td width=\"90%\"><a href=\"http:\/\/evalua.catedu.es\/documentos\/aragon\/realizacion_14_15\/docApoyoRealizacion\/RespuestasAragon_2015CLC3.xlsx\" target=\"_blank\">Competencia comunicaci\u00f3n ling\u00fc\u00edstica, castellano-Primaria<\/a><span id=\"pa\"> [pa]<\/span><span id=\"revisado\"> (Revisada 14\/07\/2015)<\/span><\/td>\n<\/tr>\n<tr>\n<td width=\"10%\">\u00a0<img decoding=\"async\" id=\"iconoEnTabla\" src=\"http:\/\/evalua.catedu.es\/imagenes\/iconos\/excel_24.png\" alt=\"\" \/><\/td>\n<td width=\"90%\"><a href=\"http:\/\/evalua.catedu.es\/documentos\/aragon\/realizacion_14_15\/docApoyoRealizacion\/RespuestasAragon_2015MAT3.xlsx\" target=\"_blank\">Competencia matem\u00e1tica-Primaria<\/a><span id=\"pa\"> [pa]<\/span><span id=\"revisado\"> (Revisada 14\/07\/2015)<\/span><\/td>\n<\/tr>\n<tr>\n<td width=\"10%\">\u00a0<img decoding=\"async\" id=\"iconoEnTabla\" src=\"http:\/\/evalua.catedu.es\/imagenes\/iconos\/excel_24.png\" alt=\"\" \/><\/td>\n<td width=\"90%\"><a href=\"http:\/\/evalua.catedu.es\/documentos\/aragon\/realizacion_14_15\/docApoyoRealizacion\/RespuestasAragon_2015ING3.xlsx\" target=\"_blank\">Competencia comunicaci\u00f3n ling\u00fc\u00edstica, ingl\u00e9s-Primaria<\/a><span id=\"pa\"> [pa]<\/span><span id=\"revisado\"> (Revisada 14\/07\/2015)<\/span><\/td>\n<\/tr>\n<\/tbody>\n<\/table>\n","protected":false},"excerpt":{"rendered":"<p><a href=\"http:\/\/evalua.catedu.es\/evaluacion\/?page_id=167\">Preguntas frecuentes<\/a><br \/>\n<a href=\"http:\/\/evalua.catedu.es\/evaluacion\/?page_id=1575\">Pruebas liberadas<\/a><\/p>\n<p>Planificaci\u00f3n<\/p>\n<p>\u00a0<br \/>\n<a href=\"http:\/\/evalua.catedu.es\/documentos\/aragon\/realizacion_14_15\/marcoLegal\/InstruccionesEvaluacion_14_15.pdf\" target=\"_blank\">Instrucciones para la realizaci\u00f3n de la evaluaci\u00f3n de diagn\u00f3stico 2015<\/a> [pa]<\/p>\n<p>\u00a0<br \/>\n<a href=\"http:\/\/evalua.catedu.es\/documentos\/aragon\/realizacion_14_15\/marcoLegal\/ModificacionInstruccionesEvaluacion_14_15.pdf\" target=\"_blank\">Modificacion de las Instrucciones para la realizaci\u00f3n de la evaluaci\u00f3n de diagn\u00f3stico 2015<\/a> [pa]<\/p>\n<p>\u00a0<br \/>\n<a href=\"http:\/\/evalua.catedu.es\/documentos\/aragon\/realizacion_14_15\/docApoyoRealizacion\/ManualUsuarioACE2015.pdf\" target=\"_blank\">Manual de uso de la aplicaci\u00f3n inform\u00e1tica 2015<\/a> [pa](Revisado 06\/02\/2015)<\/p>\n<p>\u00a0<br \/>\n<a href=\"http:\/\/evalua.catedu.es\/documentos\/aragon\/realizacion_14_15\/docApoyoRealizacion\/GuiaAplicacionPrimaria2015.pdf\" target=\"_blank\">Gu\u00eda para el desarrollo de la [<a href=\"https:\/\/evalua.catedu.es\/evaluacion\/?page_id=165\">Leer m\u00e1s<\/a>]<\/p>\n","protected":false},"author":1,"featured_media":0,"parent":36,"menu_order":0,"comment_status":"closed","ping_status":"closed","template":"","meta":{"footnotes":""},"categories":[9,17],"tags":[],"class_list":["post-165","page","type-page","status-publish","hentry","category-evaluacion_aragon","category-evaluacion_aragon_2014_2015"],"_links":{"self":[{"href":"https:\/\/evalua.catedu.es\/evaluacion\/index.php?rest_route=\/wp\/v2\/pages\/165","targetHints":{"allow":["GET"]}}],"collection":[{"href":"https:\/\/evalua.catedu.es\/evaluacion\/index.php?rest_route=\/wp\/v2\/pages"}],"about":[{"href":"https:\/\/evalua.catedu.es\/evaluacion\/index.php?rest_route=\/wp\/v2\/types\/page"}],"author":[{"embeddable":true,"href":"https:\/\/evalua.catedu.es\/evaluacion\/index.php?rest_route=\/wp\/v2\/users\/1"}],"replies":[{"embeddable":true,"href":"https:\/\/evalua.catedu.es\/evaluacion\/index.php?rest_route=%2Fwp%2Fv2%2Fcomments&post=165"}],"version-history":[{"count":94,"href":"https:\/\/evalua.catedu.es\/evaluacion\/index.php?rest_route=\/wp\/v2\/pages\/165\/revisions"}],"predecessor-version":[{"id":798,"href":"https:\/\/evalua.catedu.es\/evaluacion\/index.php?rest_route=\/wp\/v2\/pages\/165\/revisions\/798"}],"up":[{"embeddable":true,"href":"https:\/\/evalua.catedu.es\/evaluacion\/index.php?rest_route=\/wp\/v2\/pages\/36"}],"wp:attachment":[{"href":"https:\/\/evalua.catedu.es\/evaluacion\/index.php?rest_route=%2Fwp%2Fv2%2Fmedia&parent=165"}],"wp:term":[{"taxonomy":"category","embeddable":true,"href":"https:\/\/evalua.catedu.es\/evaluacion\/index.php?rest_route=%2Fwp%2Fv2%2Fcategories&post=165"},{"taxonomy":"post_tag","embeddable":true,"href":"https:\/\/evalua.catedu.es\/evaluacion\/index.php?rest_route=%2Fwp%2Fv2%2Ftags&post=165"}],"curies":[{"name":"wp","href":"https:\/\/api.w.org\/{rel}","templated":true}]}}