{"id":153,"date":"2015-10-27T11:30:14","date_gmt":"2015-10-27T11:30:14","guid":{"rendered":"http:\/\/1.43.10.86\/wordpress\/?page_id=153"},"modified":"2016-02-05T13:39:14","modified_gmt":"2016-02-05T12:39:14","slug":"realizacion-2012-2013","status":"publish","type":"page","link":"https:\/\/evalua.catedu.es\/evaluacion\/?page_id=153","title":{"rendered":"Realizaci\u00f3n 2012-2013"},"content":{"rendered":"<table>\n<tbody>\n<tr>\n<td align=\"center\"><a href=\"http:\/\/evalua.catedu.es\/evaluacion\/?page_id=155\">Cronograma<\/a><\/td>\n<td align=\"center\"><a href=\"http:\/\/evalua.catedu.es\/evaluacion\/?page_id=134\">Modelo de preguntas<\/a><\/td>\n<\/tr>\n<\/tbody>\n<\/table>\n<p>&nbsp;<\/p>\n<table border=\"0\" width=\"100%\" cellspacing=\"1\" cellpadding=\"1\" align=\"left\">\n<tbody>\n<tr>\n<th colspan=\"2\">Planificaci\u00f3n<\/th>\n<\/tr>\n<p><!-- Plan 1 --><\/p>\n<tr>\n<td width=\"10%\"><img decoding=\"async\" id=\"iconoEnTabla\" src=\"http:\/\/evalua.catedu.es\/imagenes\/iconos\/pdf_24.png\" alt=\"\" \/><\/td>\n<td width=\"90%\"><span id=\"atenuado\"><a href=\"http:\/\/evalua.catedu.es\/documentos\/aragon\/realizacion_12_13\/docApoyoRealizacion\/InstruccionesEvDiag2013.pdf\" target=\"_blank\">Instrucciones para la realizaci\u00f3n de la evaluaci\u00f3n de diagn\u00f3stico 2013<\/a><span id=\"pa\"> [pa]<\/span><\/span><\/td>\n<\/tr>\n<p><!-- Plan 2 --><\/p>\n<tr>\n<td width=\"10%\"><img decoding=\"async\" id=\"iconoEnTabla\" src=\"http:\/\/evalua.catedu.es\/imagenes\/iconos\/pdf_24.png\" alt=\"\" \/><\/td>\n<td width=\"90%\"><span id=\"atenuado\"><a href=\"http:\/\/evalua.catedu.es\/documentos\/aragon\/realizacion_12_13\/docApoyoRealizacion\/ManualUsuarioACE2012_13.pdf\" target=\"_blank\">Manual de uso de la aplicaci\u00f3n inform\u00e1tica 2013<\/a><span id=\"pa\"> [pa]<\/span><\/span><\/td>\n<\/tr>\n<p><!-- Plan 3 --><\/p>\n<tr>\n<td width=\"10%\"><img decoding=\"async\" id=\"iconoEnTabla\" src=\"http:\/\/evalua.catedu.es\/imagenes\/iconos\/pdf_24.png\" alt=\"\" \/><\/td>\n<td width=\"90%\"><span id=\"atenuado\"><a href=\"http:\/\/evalua.catedu.es\/documentos\/aragon\/realizacion_12_13\/marcoLegal\/GuiaAplicacionSecundaria2013.pdf\" target=\"_blank\">Gu\u00eda para el desarrollo de la evaluaci\u00f3n de diagn\u00f3stico Secundaria 2013<\/a><span id=\"pa\"> [pa]<\/span><\/span><\/td>\n<\/tr>\n<p><!-- Plan 4 --><\/p>\n<tr>\n<td width=\"10%\"><img decoding=\"async\" id=\"iconoEnTabla\" src=\"http:\/\/evalua.catedu.es\/imagenes\/iconos\/word_24.png\" alt=\"\" \/><\/td>\n<td width=\"90%\"><span id=\"atenuado\"><a href=\"http:\/\/evalua.catedu.es\/documentos\/aragon\/realizacion_12_13\/marcoLegal\/ObtencionDatosIES2000.doc\" target=\"_blank\">Procedimiento de extracci\u00f3n de alumnos del IES 2000<\/a><span id=\"pa\"> [pa]<\/span><\/span><\/td>\n<\/tr>\n<p><!-- Plan 5 --><\/p>\n<tr>\n<td width=\"10%\"><img decoding=\"async\" id=\"iconoEnTabla\" src=\"http:\/\/evalua.catedu.es\/imagenes\/iconos\/word_24.png\" alt=\"\" \/><\/td>\n<td width=\"90%\"><span id=\"atenuado\"><a href=\"http:\/\/evalua.catedu.es\/documentos\/aragon\/realizacion_12_13\/marcoLegal\/ObtencionDatosSinIES2000.doc\" target=\"_blank\">Carga de datos de alumnos centros sin IES 2000<\/a><span id=\"pa\"> [pa]<\/span><\/span><\/td>\n<\/tr>\n<p><!-- Plan 6 --> <!--\n\n\n<tr>\n\n\n<td width=\"10%\"><img decoding=\"async\" id=\"iconoEnTabla\" src=\"http:\/\/evalua.catedu.es\/imagenes\/iconos\/pdf_24.png\" \/><\/td>\n\n\n\n\n<td width=\"90%\"><span id=\"atenuado\"><a href=\"http:\/\/evalua.catedu.es\/documentos\/aragon\/realizacion_12_13\/marcoLegal\/SugerenciaParaLaElaboracionDePlanesDeMejora.pdf\" target=\"_blank\">Sugerencias para la elaboraci\u00f3n de planes de mejora<\/a><\/span><\/td>\n\n\n<\/tr>\n\n\n--> <!-- Plan 7 --><\/p>\n<tr>\n<td width=\"10%\"><img decoding=\"async\" id=\"iconoEnTabla\" src=\"http:\/\/evalua.catedu.es\/imagenes\/iconos\/pdf_24.png\" alt=\"\" \/><\/td>\n<td width=\"90%\">Gu\u00eda para la realizaci\u00f3n de la prueba de tratamiento de la informaci\u00f3n y competencia digital(2\u00ba de Educaci\u00f3n Secundaria)<span id=\"atenuado\"><a href=\"http:\/\/evalua.catedu.es\/documentos\/aragon\/realizacion_12_13\/marcoLegal\/GuiadeusoPlataformaClaroline2012_13.pdf\" target=\"_blank\"><br \/>\nGu\u00eda de instalaci\u00f3n y puesta en funcionamiento del servidor web. Plataforma \u00abClaroline\u00bb<\/a><span id=\"pa\"> [pa]<\/span><\/span><\/td>\n<\/tr>\n<\/tbody>\n<\/table>\n<p><!-- Aplicaci\u00f3n --><\/p>\n<table border=\"0\" width=\"100%\" cellspacing=\"1\" cellpadding=\"1\" align=\"left\">\n<tbody>\n<tr>\n<th colspan=\"2\">Aplicaci\u00f3n<\/th>\n<\/tr>\n<p><!-- Apli 1 --><\/p>\n<tr>\n<td width=\"10%\"><img decoding=\"async\" id=\"iconoEnTabla\" src=\"http:\/\/evalua.catedu.es\/imagenes\/iconos\/pdf_24.png\" alt=\"\" \/><\/td>\n<td width=\"90%\"><span id=\"atenuado\"><a href=\"http:\/\/evalua.catedu.es\/documentos\/aragon\/realizacion_12_13\/marcoLegal\/paises_2012.pdf\" target=\"_blank\">Clasificaci\u00f3n de pa\u00edses por entorno cultural familiar<\/a><span id=\"pa\"> [pa]<\/span><\/span><\/td>\n<\/tr>\n<p><!-- Apli 2 --><\/p>\n<tr>\n<td width=\"10%\"><img decoding=\"async\" id=\"iconoEnTabla\" src=\"http:\/\/evalua.catedu.es\/imagenes\/iconos\/pdf_24.png\" alt=\"\" \/><\/td>\n<td width=\"90%\"><span id=\"atenuado\"><a href=\"http:\/\/evalua.catedu.es\/documentos\/aragon\/realizacion_12_13\/marcoLegal\/CuestionarioSocioCultural_2012-2013.pdf\" target=\"_blank\">Cuestionario sociocultural (incluye uso de medios Inform\u00e1ticos) 2013 <\/a><span id=\"pa\"> [pa]<\/span><span id=\"revisado\">(Publicado 20\/02\/2013, en formato jpg)<\/span><\/span><\/td>\n<\/tr>\n<p><!-- Apli 3 --><\/p>\n<tr>\n<td width=\"10%\"><img decoding=\"async\" id=\"iconoEnTabla\" src=\"http:\/\/evalua.catedu.es\/imagenes\/iconos\/eva_marca.png\" alt=\"\" \/><\/td>\n<td width=\"90%\"><span id=\"atenuado\"><a href=\"http:\/\/evalua.catedu.es\/evaluacion\/?page_id=157\">Cuadernos de correcci\u00f3n\/cuestionarios<\/a><\/span><\/td>\n<\/tr>\n<\/tbody>\n<\/table>\n<p><!-- Interpretaci\u00f3n --><\/p>\n<table border=\"0\" width=\"100%\" cellspacing=\"1\" cellpadding=\"1\" align=\"left\">\n<tbody>\n<tr>\n<th colspan=\"2\">Interpretaci\u00f3n<\/th>\n<\/tr>\n<p><!-- Inter 1 --><\/p>\n<tr>\n<td width=\"10%\"><img decoding=\"async\" id=\"iconoEnTabla\" src=\"http:\/\/evalua.catedu.es\/imagenes\/iconos\/pdf_24.png\" alt=\"\" \/><\/td>\n<td width=\"90%\"><a href=\"http:\/\/evalua.catedu.es\/documentos\/aragon\/realizacion_12_13\/docApoyoRealizacion\/GuiaInterpretacionInformes20120907.pdf\" target=\"_blank\">Gu\u00eda de interpretaci\u00f3n de los resultados de la evaluaci\u00f3n 2013<\/a><span id=\"pa\"> [pa]<\/span><span id=\"revisado\"> (Publicado 07\/09\/2012)<\/span><\/td>\n<\/tr>\n<p><!-- Inter 2 --><\/p>\n<tr>\n<td width=\"10%\"><img decoding=\"async\" id=\"iconoEnTabla\" src=\"http:\/\/evalua.catedu.es\/imagenes\/iconos\/pdf_24.png\" alt=\"\" \/><\/td>\n<td width=\"90%\"><a href=\"http:\/\/evalua.catedu.es\/documentos\/aragon\/realizacion_12_13\/docApoyoRealizacion\/GuiaInterpretacionInformeDiagnostico12_13_20131021.pdf\" target=\"_blank\">Gu\u00eda de interpretaci\u00f3n del informe de Diagn\u00f3stico 2013<\/a><span id=\"pa\"> [pa]<\/span><span id=\"revisado\"> (Publicado 21\/10\/2013, se enviar\u00e1 por correo electr\u00f3nico a los Centros)<\/span><\/td>\n<\/tr>\n<p><!-- Inter 3 --><\/p>\n<tr>\n<td width=\"10%\"><img decoding=\"async\" id=\"iconoEnTabla\" src=\"http:\/\/evalua.catedu.es\/imagenes\/iconos\/pdf_24.png\" alt=\"\" \/><\/td>\n<td width=\"90%\"><a href=\"http:\/\/evalua.catedu.es\/documentos\/aragon\/realizacion_12_13\/docApoyoRealizacion\/SugerenciaParaLaElaboracionDePlanesDeMejora.pdf\" target=\"_blank\">Sugerencias para la elaboraci\u00f3n de planes de mejora<\/a><span id=\"pa\"> [pa]<\/span><\/td>\n<\/tr>\n<\/tbody>\n<\/table>\n<p><!-- Porcentajes --><\/p>\n<table border=\"0\" width=\"100%\" cellspacing=\"1\" cellpadding=\"1\" align=\"left\">\n<tbody>\n<tr>\n<th colspan=\"2\">Porcentajes de respuestas en las pruebas de Diagn\u00f3stico. Arag\u00f3n 2012-2013.<\/th>\n<\/tr>\n<p><!-- Por 1 --><\/p>\n<tr>\n<td width=\"10%\"><img decoding=\"async\" id=\"iconoEnTabla\" src=\"http:\/\/evalua.catedu.es\/imagenes\/iconos\/excel_24.png\" alt=\"\" \/><\/td>\n<td width=\"90%\"><a href=\"http:\/\/evalua.catedu.es\/documentos\/aragon\/realizacion_12_13\/docApoyoRealizacion\/RespuestasAragon_2013CLC2.xls\" target=\"_blank\">Competencia comunicaci\u00f3n ling\u00fc\u00edstica, castellano-Secundaria<\/a><span id=\"pa\"> [pa]<\/span><span id=\"revisado\"> (Publicado 25\/11\/2013)<\/span><\/td>\n<\/tr>\n<p><!-- Por 2 --><\/p>\n<tr>\n<td width=\"10%\"><img decoding=\"async\" id=\"iconoEnTabla\" src=\"http:\/\/evalua.catedu.es\/imagenes\/iconos\/excel_24.png\" alt=\"\" \/><\/td>\n<td width=\"90%\"><a href=\"http:\/\/evalua.catedu.es\/documentos\/aragon\/realizacion_12_13\/docApoyoRealizacion\/RespuestasAragon_2013MAT2.xls\" target=\"_blank\">Competencia matem\u00e1tica-Secundaria<\/a><span id=\"pa\"> [pa]<\/span><span id=\"revisado\"> (Publicado 25\/11\/2013)<\/span><\/td>\n<\/tr>\n<p><!-- Por 3 --><\/p>\n<tr>\n<td width=\"10%\"><img decoding=\"async\" id=\"iconoEnTabla\" src=\"http:\/\/evalua.catedu.es\/imagenes\/iconos\/excel_24.png\" alt=\"\" \/><\/td>\n<td width=\"90%\"><a href=\"http:\/\/evalua.catedu.es\/documentos\/aragon\/realizacion_12_13\/docApoyoRealizacion\/RespuestasAragon_2013AAC2.xls\" target=\"_blank\">Competencia aprender a aprender, componente cognitiva-Secundaria<\/a><span id=\"pa\"> [pa]<\/span><span id=\"revisado\"> (Publicado 25\/11\/2013)<\/span><\/td>\n<\/tr>\n<p><!-- Por 4 --><\/p>\n<tr>\n<td width=\"10%\"><img decoding=\"async\" id=\"iconoEnTabla\" src=\"http:\/\/evalua.catedu.es\/imagenes\/iconos\/excel_24.png\" alt=\"\" \/><\/td>\n<td width=\"90%\"><a href=\"http:\/\/evalua.catedu.es\/documentos\/aragon\/realizacion_12_13\/docApoyoRealizacion\/RespuestasAragon_2013DTI2.xls\" target=\"_blank\">Tratamiento de la informaci\u00f3n y competencia digital-Secundaria<\/a><span id=\"pa\"> [pa]<\/span><span id=\"revisado\"> (Publicado 25\/11\/2013)<\/span><\/td>\n<\/tr>\n<\/tbody>\n<\/table>\n","protected":false},"excerpt":{"rendered":"<p><a href=\"http:\/\/evalua.catedu.es\/evaluacion\/?page_id=155\">Cronograma<\/a><br \/>\n<a href=\"http:\/\/evalua.catedu.es\/evaluacion\/?page_id=134\">Modelo de preguntas<\/a><\/p>\n<p>&nbsp;<\/p>\n<p>Planificaci\u00f3n<\/p>\n<p><a href=\"http:\/\/evalua.catedu.es\/documentos\/aragon\/realizacion_12_13\/docApoyoRealizacion\/InstruccionesEvDiag2013.pdf\" target=\"_blank\">Instrucciones para la realizaci\u00f3n de la evaluaci\u00f3n de diagn\u00f3stico 2013<\/a> [pa]<\/p>\n<p><a href=\"http:\/\/evalua.catedu.es\/documentos\/aragon\/realizacion_12_13\/docApoyoRealizacion\/ManualUsuarioACE2012_13.pdf\" target=\"_blank\">Manual de uso de la aplicaci\u00f3n inform\u00e1tica 2013<\/a> [pa]<\/p>\n<p><a href=\"http:\/\/evalua.catedu.es\/documentos\/aragon\/realizacion_12_13\/marcoLegal\/GuiaAplicacionSecundaria2013.pdf\" target=\"_blank\">Gu\u00eda para el desarrollo de la evaluaci\u00f3n de diagn\u00f3stico Secundaria 2013<\/a> [pa]<\/p>\n<p><a href=\"http:\/\/evalua.catedu.es\/documentos\/aragon\/realizacion_12_13\/marcoLegal\/ObtencionDatosIES2000.doc\" target=\"_blank\">Procedimiento de extracci\u00f3n de alumnos del IES 2000<\/a> [pa]<\/p>\n<p><a [<a href=\"https:\/\/evalua.catedu.es\/evaluacion\/?page_id=153\">Leer m\u00e1s<\/a>]<\/p>\n","protected":false},"author":1,"featured_media":0,"parent":36,"menu_order":0,"comment_status":"closed","ping_status":"closed","template":"","meta":{"footnotes":""},"categories":[9,15],"tags":[],"class_list":["post-153","page","type-page","status-publish","hentry","category-evaluacion_aragon","category-evaluacion_aragon_2012_2013"],"_links":{"self":[{"href":"https:\/\/evalua.catedu.es\/evaluacion\/index.php?rest_route=\/wp\/v2\/pages\/153","targetHints":{"allow":["GET"]}}],"collection":[{"href":"https:\/\/evalua.catedu.es\/evaluacion\/index.php?rest_route=\/wp\/v2\/pages"}],"about":[{"href":"https:\/\/evalua.catedu.es\/evaluacion\/index.php?rest_route=\/wp\/v2\/types\/page"}],"author":[{"embeddable":true,"href":"https:\/\/evalua.catedu.es\/evaluacion\/index.php?rest_route=\/wp\/v2\/users\/1"}],"replies":[{"embeddable":true,"href":"https:\/\/evalua.catedu.es\/evaluacion\/index.php?rest_route=%2Fwp%2Fv2%2Fcomments&post=153"}],"version-history":[{"count":46,"href":"https:\/\/evalua.catedu.es\/evaluacion\/index.php?rest_route=\/wp\/v2\/pages\/153\/revisions"}],"predecessor-version":[{"id":1533,"href":"https:\/\/evalua.catedu.es\/evaluacion\/index.php?rest_route=\/wp\/v2\/pages\/153\/revisions\/1533"}],"up":[{"embeddable":true,"href":"https:\/\/evalua.catedu.es\/evaluacion\/index.php?rest_route=\/wp\/v2\/pages\/36"}],"wp:attachment":[{"href":"https:\/\/evalua.catedu.es\/evaluacion\/index.php?rest_route=%2Fwp%2Fv2%2Fmedia&parent=153"}],"wp:term":[{"taxonomy":"category","embeddable":true,"href":"https:\/\/evalua.catedu.es\/evaluacion\/index.php?rest_route=%2Fwp%2Fv2%2Fcategories&post=153"},{"taxonomy":"post_tag","embeddable":true,"href":"https:\/\/evalua.catedu.es\/evaluacion\/index.php?rest_route=%2Fwp%2Fv2%2Ftags&post=153"}],"curies":[{"name":"wp","href":"https:\/\/api.w.org\/{rel}","templated":true}]}}