{"id":128,"date":"2015-10-27T09:25:51","date_gmt":"2015-10-27T09:25:51","guid":{"rendered":"http:\/\/1.43.10.86\/wordpress\/?page_id=128"},"modified":"2016-02-05T10:14:31","modified_gmt":"2016-02-05T09:14:31","slug":"realizacion-2010-2011","status":"publish","type":"page","link":"https:\/\/evalua.catedu.es\/evaluacion\/?page_id=128","title":{"rendered":"Realizaci\u00f3n 2010-2011"},"content":{"rendered":"<table>\n<tbody>\n<tr>\n<td align=\"center\"><a href=\"http:\/\/evalua.catedu.es\/evaluacion\/?page_id=132\">Cronograma<\/a><\/td>\n<\/tr>\n<\/tbody>\n<\/table>\n<hr \/>\n<table border=\"0\" width=\"100%\" cellspacing=\"1\" cellpadding=\"1\" align=\"left\">\n<tbody>\n<tr>\n<th colspan=\"2\">Planificaci\u00f3n<\/th>\n<\/tr>\n<tr>\n<td width=\"10%\"><img decoding=\"async\" id=\"iconoEnTabla\" src=\"http:\/\/evalua.catedu.es\/imagenes\/iconos\/pdf_24.png\" alt=\"\" \/><\/td>\n<td width=\"90%\"><span id=\"atenuado\"><a href=\"http:\/\/evalua.catedu.es\/documentos\/aragon\/realizacion_10_11\/docApoyoRealizacion\/INSTR EV CEN DIAG 2010 2011 COLOR.pdf\" target=\"_blank\">Instrucciones para la realizaci\u00f3n de la evaluaci\u00f3n de diagn\u00f3stico 2011<\/a><span id=\"pa\"> [pa]<\/span><\/span><\/td>\n<\/tr>\n<tr>\n<td width=\"10%\"><img decoding=\"async\" id=\"iconoEnTabla\" src=\"http:\/\/evalua.catedu.es\/imagenes\/iconos\/pdf_24.png\" alt=\"\" \/><\/td>\n<td width=\"90%\"><span id=\"atenuado\"><a href=\"http:\/\/evalua.catedu.es\/documentos\/aragon\/realizacion_10_11\/docApoyoRealizacion\/ManualUsuarioACE2010_11.pdf\" target=\"_blank\">Manual de uso de la aplicaci\u00f3n inform\u00e1tica 2011 <\/a><span id=\"pa\"> [pa]<\/span><span id=\"revisado\">(Revisado 10\/01\/2011)<\/span><\/span><\/td>\n<\/tr>\n<tr>\n<td width=\"10%\"><img decoding=\"async\" id=\"iconoEnTabla\" src=\"http:\/\/evalua.catedu.es\/imagenes\/iconos\/pdf_24.png\" alt=\"\" \/><\/td>\n<td width=\"90%\"><span id=\"atenuado\"><a href=\"http:\/\/evalua.catedu.es\/admin\/admin_1\/file\/DocApoyoRealizacion\/GuiaAplicacionPrimaria2011.pdf\" target=\"_blank\">Gu\u00eda para el desarrollo de la evaluaci\u00f3n de diagn\u00f3stico Primaria 2011 <\/a><span id=\"pa\"> [pa]<\/span><span id=\"revisado\">(Revisado 11\/01\/2011)<\/span><\/span><\/td>\n<\/tr>\n<tr>\n<td width=\"10%\"><img decoding=\"async\" id=\"iconoEnTabla\" src=\"http:\/\/evalua.catedu.es\/imagenes\/iconos\/pdf_24.png\" alt=\"\" \/><\/td>\n<td width=\"90%\"><span id=\"atenuado\"><a href=\"http:\/\/evalua.catedu.es\/admin\/admin_1\/file\/DocApoyoRealizacion\/GuiaAplicacionSecundaria2011.pdf\" target=\"_blank\">Gu\u00eda para el desarrollo de la evaluaci\u00f3n de diagn\u00f3stico Secundaria 2011 <\/a><span id=\"pa\"> [pa]<\/span><span id=\"revisado\">(Revisado 10\/01\/2011)<\/span><\/span><\/td>\n<\/tr>\n<tr>\n<td width=\"10%\"><img decoding=\"async\" id=\"iconoEnTabla\" src=\"http:\/\/evalua.catedu.es\/imagenes\/iconos\/word_24.png\" alt=\"\" \/><\/td>\n<td width=\"90%\"><span id=\"atenuado\"><a href=\"http:\/\/evalua.catedu.es\/documentos\/aragon\/realizacion_10_11\/docApoyoRealizacion\/ObtencionDatosIES2000.doc\" target=\"_blank\">Procedimiento de extracci\u00f3n de alumnos del IES 2000 <\/a><span id=\"pa\"> [pa]<\/span><span id=\"revisado\">(Revisado 11\/01\/2011)<\/span><\/span><\/td>\n<\/tr>\n<tr>\n<td width=\"10%\"><img decoding=\"async\" id=\"iconoEnTabla\" src=\"http:\/\/evalua.catedu.es\/imagenes\/iconos\/word_24.png\" alt=\"\" \/><\/td>\n<td width=\"90%\"><span id=\"atenuado\"><a href=\"http:\/\/evalua.catedu.es\/documentos\/aragon\/realizacion_10_11\/docApoyoRealizacion\/ObtencionDatosSinIES2000.doc\" target=\"_blank\">Carga de datos de alumnos para centros sin IES 2000<\/a><span id=\"pa\"> [pa]<\/span><\/span><\/td>\n<\/tr>\n<tr>\n<td width=\"10%\"><img decoding=\"async\" id=\"iconoEnTabla\" src=\"http:\/\/evalua.catedu.es\/imagenes\/iconos\/pdf_24.png\" alt=\"\" \/><\/td>\n<td width=\"90%\">Gu\u00eda para la realizaci\u00f3n de la prueba de tratamiento de la informaci\u00f3n y competencia digital (2\u00ba de educaci\u00f3n secundaria obligatoria)<br \/>\n<span id=\"atenuado\"><a href=\"http:\/\/evalua.catedu.es\/documentos\/aragon\/realizacion_10_11\/docApoyoRealizacion\/GuiadeusoPlataformaClaroline.pdf\" target=\"_blank\">Gu\u00eda de instalaci\u00f3n y puesta en marcha del servidor web. Plataforma \u00abClaroline\u00bb<\/a><span id=\"pa\"> [pa]<\/span><span id=\"revisado\">(Revisado 22\/03\/2011)<\/span><\/span><\/td>\n<\/tr>\n<\/tbody>\n<\/table>\n<table border=\"0\" width=\"100%\" cellspacing=\"1\" cellpadding=\"1\" align=\"left\">\n<tbody>\n<tr>\n<th colspan=\"2\">Aplicaci\u00f3n<\/th>\n<\/tr>\n<tr>\n<td width=\"10%\"><img decoding=\"async\" id=\"iconoEnTabla\" src=\"http:\/\/evalua.catedu.es\/imagenes\/iconos\/pdf_24.png\" alt=\"\" \/><\/td>\n<td width=\"90%\"><span id=\"atenuado\"><a href=\"http:\/\/evalua.catedu.es\/documentos\/aragon\/realizacion_10_11\/docApoyoRealizacion\/ClasificacionPaises.pdf\" target=\"_blank\">Clasificaci\u00f3n de pa\u00edses por entorno cultural familiar<\/a><span id=\"pa\"> [pa]<\/span><\/span><\/td>\n<\/tr>\n<tr>\n<td width=\"10%\"><img decoding=\"async\" id=\"iconoEnTabla\" src=\"http:\/\/evalua.catedu.es\/imagenes\/iconos\/pdf_24.png\" alt=\"\" \/><\/td>\n<td width=\"90%\"><span id=\"atenuado\"><a href=\"http:\/\/evalua.catedu.es\/documentos\/aragon\/realizacion_10_11\/docApoyoRealizacion\/CuestionarioSocioCultural_2010-2011.pdf\" target=\"_blank\">Cuestionario sociocultural (incluye uso de medios Inform\u00e1ticos) 2011<\/a><span id=\"pa\"> [pa]<\/span><\/span><\/td>\n<\/tr>\n<tr>\n<td width=\"10%\"><img decoding=\"async\" id=\"iconoEnTabla\" src=\"http:\/\/evalua.catedu.es\/imagenes\/iconos\/pdf_24.png\" alt=\"\" \/><\/td>\n<td width=\"90%\"><span id=\"atenuado\"><a href=\"http:\/\/evalua.catedu.es\/documentos\/aragon\/realizacion_10_11\/docApoyoRealizacion\/CuestionarioEntornoEscolar_2010-2011.pdf\" target=\"_blank\">Cuestionario sobre entorno escolar 2011<\/a><span id=\"pa\"> [pa]<\/span><\/span><\/td>\n<\/tr>\n<tr>\n<td width=\"10%\"><img decoding=\"async\" id=\"iconoEnTabla\" src=\"http:\/\/evalua.catedu.es\/imagenes\/iconos\/eva_marca.png\" alt=\"\" \/><\/td>\n<td width=\"90%\"><span id=\"atenuado\"><a href=\"http:\/\/evalua.catedu.es\/evaluacion\/?page_id=136\">Cuadernos de correcci\u00f3n<\/a><span id=\"pa\"> [pa]<\/span><\/span><\/td>\n<\/tr>\n<\/tbody>\n<\/table>\n<table border=\"0\" width=\"100%\" cellspacing=\"1\" cellpadding=\"1\" align=\"left\">\n<tbody>\n<tr>\n<th colspan=\"2\">Interpretaci\u00f3n<\/th>\n<\/tr>\n<tr>\n<td width=\"10%\"><img decoding=\"async\" id=\"iconoEnTabla\" src=\"http:\/\/evalua.catedu.es\/imagenes\/iconos\/pdf_24.png\" alt=\"\" \/><\/td>\n<td width=\"90%\"><a href=\"http:\/\/evalua.catedu.es\/documentos\/aragon\/realizacion_10_11\/docApoyoRealizacion\/GuiaInterpretacionInformes20110915.pdf\" target=\"_blank\">Gu\u00eda de interpretaci\u00f3n de los resultados de la evaluaci\u00f3n 2011 <\/a><span id=\"pa\"> [pa]<\/span><span id=\"revisado\">(Publicado 19\/09\/2011)<\/span><\/td>\n<\/tr>\n<tr>\n<td width=\"10%\"><img decoding=\"async\" id=\"iconoEnTabla\" src=\"http:\/\/evalua.catedu.es\/imagenes\/iconos\/pdf_24.png\" alt=\"\" \/><\/td>\n<td width=\"90%\"><a href=\"http:\/\/evalua.catedu.es\/documentos\/aragon\/realizacion_10_11\/docApoyoRealizacion\/GuiaInterpretacionInformeDiagnostico10_11.pdf\" target=\"_blank\">Gu\u00eda de interpretaci\u00f3n del informe de Diagn\u00f3stico 2011 <\/a><span id=\"pa\"> [pa]<\/span><span id=\"revisado\">(Publicado 22\/09\/2011)<\/span><\/td>\n<\/tr>\n<tr>\n<td width=\"10%\"><img decoding=\"async\" id=\"iconoEnTabla\" src=\"http:\/\/evalua.catedu.es\/imagenes\/iconos\/pdf_24.png\" alt=\"\" \/><\/td>\n<td width=\"90%\"><a href=\"http:\/\/evalua.catedu.es\/documentos\/aragon\/realizacion_10_11\/docApoyoRealizacion\/SugerenciaParaLaElaboracionDePlanesDeMejora.pdf\" target=\"_blank\">Sugerencias para la elaboraci\u00f3n de planes de mejora<\/a><span id=\"pa\"> [pa]<\/span><\/td>\n<\/tr>\n<\/tbody>\n<\/table>\n<table border=\"0\" width=\"100%\" cellspacing=\"1\" cellpadding=\"1\" align=\"left\">\n<tbody>\n<tr>\n<th colspan=\"2\">Porcentajes de respuestas en las pruebas de Diagn\u00f3stico. Arag\u00f3n 2010-2011.<\/th>\n<\/tr>\n<tr>\n<td width=\"10%\"><img decoding=\"async\" id=\"iconoEnTabla\" src=\"http:\/\/evalua.catedu.es\/imagenes\/iconos\/excel_24.png\" alt=\"\" \/><\/td>\n<td width=\"90%\"><a href=\"http:\/\/evalua.catedu.es\/documentos\/aragon\/realizacion_10_11\/docApoyoRealizacion\/RespuestasAragon_2011ART4.xls\" target=\"_blank\">Competencia cultural y art\u00edstica-Primaria<\/a><span id=\"pa\"> [pa]<\/span><\/td>\n<\/tr>\n<tr>\n<td width=\"10%\"><img decoding=\"async\" id=\"iconoEnTabla\" src=\"http:\/\/evalua.catedu.es\/imagenes\/iconos\/excel_24.png\" alt=\"\" \/><\/td>\n<td width=\"90%\"><a href=\"http:\/\/evalua.catedu.es\/documentos\/aragon\/realizacion_10_11\/docApoyoRealizacion\/RespuestasAragon_2011ART2.xls\" target=\"_blank\">Competencia cultural y art\u00edstica-Secundaria<\/a><span id=\"pa\"> [pa]<\/span><\/td>\n<\/tr>\n<tr>\n<td width=\"10%\"><img decoding=\"async\" id=\"iconoEnTabla\" src=\"http:\/\/evalua.catedu.es\/imagenes\/iconos\/excel_24.png\" alt=\"\" \/><\/td>\n<td width=\"90%\"><a href=\"http:\/\/evalua.catedu.es\/documentos\/aragon\/realizacion_10_11\/docApoyoRealizacion\/RespuestasAragon_2011SYC4.xls\" target=\"_blank\">Competencia social y ciudadana-Primaria<\/a><span id=\"pa\"> [pa]<\/span><\/td>\n<\/tr>\n<tr>\n<td width=\"10%\"><img decoding=\"async\" id=\"iconoEnTabla\" src=\"http:\/\/evalua.catedu.es\/imagenes\/iconos\/excel_24.png\" alt=\"\" \/><\/td>\n<td width=\"90%\"><a href=\"http:\/\/evalua.catedu.es\/documentos\/aragon\/realizacion_10_11\/docApoyoRealizacion\/RespuestasAragon_2011SYC2.xls\" target=\"_blank\">Competencia social y ciudadana-Secundaria<\/a><span id=\"pa\"> [pa]<\/span><\/td>\n<\/tr>\n<tr>\n<td width=\"10%\"><img decoding=\"async\" id=\"iconoEnTabla\" src=\"http:\/\/evalua.catedu.es\/imagenes\/iconos\/excel_24.png\" alt=\"\" \/><\/td>\n<td width=\"90%\"><a href=\"http:\/\/evalua.catedu.es\/documentos\/aragon\/realizacion_10_11\/docApoyoRealizacion\/RespuestasAragon_2011DTI2.xls\" target=\"_blank\">Tratamiento de la informaci\u00f3n y competencia digital-Secundaria<\/a><span id=\"pa\"> [pa]<\/span><\/td>\n<\/tr>\n<\/tbody>\n<\/table>\n","protected":false},"excerpt":{"rendered":"<p><a href=\"http:\/\/evalua.catedu.es\/evaluacion\/?page_id=132\">Cronograma<\/a><\/p>\n<p>Planificaci\u00f3n<\/p>\n<p><a href=\"http:\/\/evalua.catedu.es\/documentos\/aragon\/realizacion_10_11\/docApoyoRealizacion\/INSTR EV CEN DIAG 2010 2011 COLOR.pdf\" target=\"_blank\">Instrucciones para la realizaci\u00f3n de la evaluaci\u00f3n de diagn\u00f3stico 2011<\/a> [pa]<\/p>\n<p><a href=\"http:\/\/evalua.catedu.es\/documentos\/aragon\/realizacion_10_11\/docApoyoRealizacion\/ManualUsuarioACE2010_11.pdf\" target=\"_blank\">Manual de uso de la aplicaci\u00f3n inform\u00e1tica 2011 <\/a> [pa](Revisado 10\/01\/2011)<\/p>\n<p><a href=\"http:\/\/evalua.catedu.es\/admin\/admin_1\/file\/DocApoyoRealizacion\/GuiaAplicacionPrimaria2011.pdf\" target=\"_blank\">Gu\u00eda para el desarrollo de la evaluaci\u00f3n de diagn\u00f3stico Primaria 2011 <\/a> [pa](Revisado 11\/01\/2011)<\/p>\n<p><a href=\"http:\/\/evalua.catedu.es\/admin\/admin_1\/file\/DocApoyoRealizacion\/GuiaAplicacionSecundaria2011.pdf\" target=\"_blank\">Gu\u00eda para [<a href=\"https:\/\/evalua.catedu.es\/evaluacion\/?page_id=128\">Leer m\u00e1s<\/a>]<\/p>\n","protected":false},"author":1,"featured_media":0,"parent":36,"menu_order":0,"comment_status":"closed","ping_status":"closed","template":"","meta":{"footnotes":""},"categories":[9,13],"tags":[],"class_list":["post-128","page","type-page","status-publish","hentry","category-evaluacion_aragon","category-evaluacion_aragon_2010_2011"],"_links":{"self":[{"href":"https:\/\/evalua.catedu.es\/evaluacion\/index.php?rest_route=\/wp\/v2\/pages\/128","targetHints":{"allow":["GET"]}}],"collection":[{"href":"https:\/\/evalua.catedu.es\/evaluacion\/index.php?rest_route=\/wp\/v2\/pages"}],"about":[{"href":"https:\/\/evalua.catedu.es\/evaluacion\/index.php?rest_route=\/wp\/v2\/types\/page"}],"author":[{"embeddable":true,"href":"https:\/\/evalua.catedu.es\/evaluacion\/index.php?rest_route=\/wp\/v2\/users\/1"}],"replies":[{"embeddable":true,"href":"https:\/\/evalua.catedu.es\/evaluacion\/index.php?rest_route=%2Fwp%2Fv2%2Fcomments&post=128"}],"version-history":[{"count":70,"href":"https:\/\/evalua.catedu.es\/evaluacion\/index.php?rest_route=\/wp\/v2\/pages\/128\/revisions"}],"predecessor-version":[{"id":1526,"href":"https:\/\/evalua.catedu.es\/evaluacion\/index.php?rest_route=\/wp\/v2\/pages\/128\/revisions\/1526"}],"up":[{"embeddable":true,"href":"https:\/\/evalua.catedu.es\/evaluacion\/index.php?rest_route=\/wp\/v2\/pages\/36"}],"wp:attachment":[{"href":"https:\/\/evalua.catedu.es\/evaluacion\/index.php?rest_route=%2Fwp%2Fv2%2Fmedia&parent=128"}],"wp:term":[{"taxonomy":"category","embeddable":true,"href":"https:\/\/evalua.catedu.es\/evaluacion\/index.php?rest_route=%2Fwp%2Fv2%2Fcategories&post=128"},{"taxonomy":"post_tag","embeddable":true,"href":"https:\/\/evalua.catedu.es\/evaluacion\/index.php?rest_route=%2Fwp%2Fv2%2Ftags&post=128"}],"curies":[{"name":"wp","href":"https:\/\/api.w.org\/{rel}","templated":true}]}}