{"id":109,"date":"2015-10-27T08:31:21","date_gmt":"2015-10-27T08:31:21","guid":{"rendered":"http:\/\/1.43.10.86\/wordpress\/?page_id=109"},"modified":"2016-02-05T08:01:24","modified_gmt":"2016-02-05T07:01:24","slug":"realizacion-2009-2010","status":"publish","type":"page","link":"https:\/\/evalua.catedu.es\/evaluacion\/?page_id=109","title":{"rendered":"Realizaci\u00f3n 2009-2010"},"content":{"rendered":"<table>\n<tbody>\n<tr>\n<td style=\"text-align: center;\" colspan=\"2\"><a href=\"http:\/\/evalua.catedu.es\/evaluacion\/?page_id=122\">Cronograma<\/a><\/td>\n<td style=\"text-align: center;\" colspan=\"2\"><a href=\"http:\/\/evalua.catedu.es\/evaluacion\/?page_id=130\">Publicaciones<\/a><\/td>\n<\/tr>\n<\/tbody>\n<\/table>\n<hr \/>\n<p><!-- Planificaci\u00f3n --><\/p>\n<table border=\"0\" width=\"100%\" cellspacing=\"1\" cellpadding=\"1\" align=\"left\">\n<tbody>\n<tr>\n<th colspan=\"2\"><strong>Planificaci\u00f3n<\/strong><\/th>\n<\/tr>\n<tr>\n<td width=\"10%\"> <img decoding=\"async\" id=\"iconoEnTabla\" src=\"http:\/\/evalua.catedu.es\/imagenes\/iconos\/pdf_24.png\" alt=\"\" \/><\/td>\n<td width=\"90%\"><span id=\"atenuado\"><a href=\"http:\/\/evalua.catedu.es\/documentos\/aragon\/realizacion_09_10\/docApoyoRealizacion\/ManualUsuarioACE2010.pdf\" target=\"_blank\">Manual de uso de la aplicaci\u00f3n inform\u00e1tica 2010<\/a><span id=\"pa\"> [pa]<\/span><\/span><\/td>\n<\/tr>\n<tr>\n<td width=\"10%\"> <img decoding=\"async\" id=\"iconoEnTabla\" src=\"http:\/\/evalua.catedu.es\/imagenes\/iconos\/pdf_24.png\" alt=\"\" \/><\/td>\n<td width=\"90%\"><span id=\"atenuado\"><a href=\"http:\/\/evalua.catedu.es\/documentos\/aragon\/realizacion_09_10\/docApoyoRealizacion\/GuiaAplicacionPrimaria2010.pdf\" target=\"_blank\">Gu\u00eda para el desarrollo de la evaluaci\u00f3n de diagn\u00f3stico Primaria 2010<\/a><span id=\"pa\"> [pa]<\/span><\/span><\/td>\n<\/tr>\n<tr>\n<td width=\"10%\"> <img decoding=\"async\" id=\"iconoEnTabla\" src=\"http:\/\/evalua.catedu.es\/imagenes\/iconos\/pdf_24.png\" alt=\"\" \/><\/td>\n<td width=\"90%\"><span id=\"atenuado\"><a href=\"http:\/\/evalua.catedu.es\/documentos\/aragon\/realizacion_09_10\/docApoyoRealizacion\/GuiaAplicacionSecundaria2010.pdf\" target=\"_blank\">Gu\u00eda para el desarrollo de la evaluaci\u00f3n de diagn\u00f3stico Secundaria 2010<\/a><span id=\"pa\"> [pa]<\/span><\/span><\/td>\n<\/tr>\n<tr>\n<td width=\"10%\"> <img decoding=\"async\" id=\"iconoEnTabla\" src=\"http:\/\/evalua.catedu.es\/imagenes\/iconos\/word_24.png\" alt=\"\" \/><\/td>\n<td width=\"90%\"><span id=\"atenuado\"><a href=\"http:\/\/evalua.catedu.es\/documentos\/aragon\/realizacion_09_10\/docApoyoRealizacion\/ObtencionDatosIES2000.doc\" target=\"_blank\">Procedimiento de extracci\u00f3n de alumnos del IES 2000<\/a><span id=\"pa\"> [pa]<\/span><\/span><\/td>\n<\/tr>\n<tr>\n<td width=\"10%\"> <img decoding=\"async\" id=\"iconoEnTabla\" src=\"http:\/\/evalua.catedu.es\/imagenes\/iconos\/word_24.png\" alt=\"\" \/><\/td>\n<td width=\"90%\"><span id=\"atenuado\"><a href=\"http:\/\/evalua.catedu.es\/documentos\/aragon\/realizacion_09_10\/docApoyoRealizacion\/ObtencionDatosSinIES2000.doc\" target=\"_blank\">Carga de datos de alumnos para centros sin IES 2000<\/a><span id=\"pa\"> [pa]<\/span><\/span><\/td>\n<\/tr>\n<\/tbody>\n<\/table>\n<p><!-- Aplicaci\u00f3n--><\/p>\n<table border=\"0\" width=\"100%\" cellspacing=\"1\" cellpadding=\"1\" align=\"left\">\n<tbody>\n<tr>\n<th colspan=\"2\"><strong>Aplicaci\u00f3n<\/strong><\/th>\n<\/tr>\n<tr>\n<td width=\"10%\"> <img decoding=\"async\" id=\"iconoEnTabla\" src=\"http:\/\/evalua.catedu.es\/imagenes\/iconos\/pdf_24.png\" alt=\"\" \/><\/td>\n<td width=\"90%\"><span id=\"atenuado\"><a href=\"http:\/\/evalua.catedu.es\/documentos\/aragon\/realizacion_09_10\/docApoyoRealizacion\/PlanificacionCuestionarioAlumnosPrimaria2010.pdf\" target=\"_blank\">Calendario de aplicaci\u00f3n de los cuestionarios 2010 (PRIMARIA)<\/a><span id=\"pa\"> [pa]<\/span><\/span><\/td>\n<\/tr>\n<tr>\n<td width=\"10%\"> <img decoding=\"async\" id=\"iconoEnTabla\" src=\"http:\/\/evalua.catedu.es\/imagenes\/iconos\/pdf_24.png\" alt=\"\" \/><\/td>\n<td width=\"90%\"><span id=\"atenuado\"><a href=\"http:\/\/evalua.catedu.es\/documentos\/aragon\/realizacion_09_10\/docApoyoRealizacion\/PlanificacionCuestionarioAlumnosSecundaria2010.pdf\" target=\"_blank\">Calendario de aplicaci\u00f3n de los cuestionarios 2010 (SECUNDARIA)<\/a><span id=\"pa\"> [pa]<\/span><\/span><\/td>\n<\/tr>\n<tr>\n<td width=\"10%\"> <img decoding=\"async\" id=\"iconoEnTabla\" src=\"http:\/\/evalua.catedu.es\/imagenes\/iconos\/pdf_24.png\" alt=\"\" \/><\/td>\n<td width=\"90%\"><span id=\"atenuado\"><a href=\"http:\/\/evalua.catedu.es\/documentos\/aragon\/realizacion_09_10\/docApoyoRealizacion\/ClasificacionPaises.pdf\" target=\"_blank\">Clasificaci\u00f3n de pa\u00edses por entorno cultural familiar<\/a><span id=\"pa\"> [pa]<\/span><\/span><\/td>\n<\/tr>\n<tr>\n<td width=\"10%\"> <img decoding=\"async\" id=\"iconoEnTabla\" src=\"http:\/\/evalua.catedu.es\/imagenes\/iconos\/pdf_24.png\" alt=\"\" \/><\/td>\n<td width=\"90%\"><span id=\"atenuado\"><a href=\"http:\/\/evalua.catedu.es\/documentos\/aragon\/realizacion_09_10\/docApoyoRealizacion\/CuestionarioNivelSEC_2010.pdf\" target=\"_blank\">Cuestionario sociocultural (incluye uso de medios Inform\u00e1ticos) 2010<\/a><span id=\"pa\"> [pa]<\/span><\/span><\/td>\n<\/tr>\n<tr>\n<td width=\"10%\"> <img decoding=\"async\" id=\"iconoEnTabla\" src=\"http:\/\/evalua.catedu.es\/imagenes\/iconos\/pdf_24.png\" alt=\"\" \/><\/td>\n<td width=\"90%\"><span id=\"atenuado\"><a href=\"http:\/\/evalua.catedu.es\/documentos\/aragon\/realizacion_09_10\/docApoyoRealizacion\/CUESTIONARIO ambiente escolar_2010.pdf\" target=\"_blank\">Cuestionario sobre entorno escolar 2010<\/a><span id=\"pa\"> [pa]<\/span><\/span><\/td>\n<\/tr>\n<tr>\n<td width=\"10%\"> <img decoding=\"async\" id=\"iconoEnTabla\" src=\"http:\/\/evalua.catedu.es\/imagenes\/iconos\/eva_marca.png\" alt=\"\" \/><\/td>\n<td width=\"90%\"><span id=\"atenuado\"><a href=\"http:\/\/evalua.catedu.es\/evaluacion\/?page_id=126\">Cuadernos de correcci\u00f3n<\/a><span id=\"pa\"> [pa]<\/span><\/span><\/td>\n<\/tr>\n<\/tbody>\n<\/table>\n<p><!-- Interpretaci\u00f3n--><\/p>\n<table border=\"0\" width=\"100%\" cellspacing=\"1\" cellpadding=\"1\" align=\"left\">\n<tbody>\n<tr>\n<th colspan=\"2\">Interpretaci\u00f3n<\/th>\n<\/tr>\n<tr>\n<td width=\"10%\"> <img decoding=\"async\" id=\"iconoEnTabla\" src=\"http:\/\/evalua.catedu.es\/imagenes\/iconos\/pdf_24.png\" alt=\"\" \/><\/td>\n<td width=\"90%\"><a href=\"http:\/\/evalua.catedu.es\/documentos\/aragon\/realizacion_09_10\/docApoyoRealizacion\/GuiaInterpretacionInformes20101018.pdf\" target=\"_blank\">Gu\u00eda de interpretaci\u00f3n de los resultados de la evaluaci\u00f3n 2010<\/a><span id=\"pa\"> [pa]<\/span><span id=\"revisado\">(Publicado 18\/10\/2010)<\/span><\/td>\n<\/tr>\n<tr>\n<td width=\"10%\"> <img decoding=\"async\" id=\"iconoEnTabla\" src=\"http:\/\/evalua.catedu.es\/imagenes\/iconos\/pdf_24.png\" alt=\"\" \/><\/td>\n<td width=\"90%\"><a href=\"http:\/\/evalua.catedu.es\/documentos\/aragon\/realizacion_09_10\/docApoyoRealizacion\/GuiaInterpretacionInformeDiagnostico09_10.pdf\" target=\"_blank\">Gu\u00eda de interpretaci\u00f3n del informe de Diagn\u00f3stico 2010<\/a><span id=\"pa\"> [pa]<\/span><span id=\"revisado\">(Publicado 28\/09\/2010)<\/span><\/td>\n<\/tr>\n<tr>\n<td width=\"10%\"> <img decoding=\"async\" id=\"iconoEnTabla\" src=\"http:\/\/evalua.catedu.es\/imagenes\/iconos\/excel_24.png\" alt=\"\" \/><\/td>\n<td width=\"90%\"><a href=\"http:\/\/evalua.catedu.es\/documentos\/aragon\/realizacion_09_10\/docApoyoRealizacion\/RespuestasAragon.xls\" target=\"_blank\">Porcentajes respuestas pruebas Diagn\u00f3stico Arag\u00f3n 2010<\/a><span id=\"pa\"> [pa]<\/span><span id=\"revisado\">(Publicado 28\/09\/2010)<\/span><\/td>\n<\/tr>\n<\/tbody>\n<\/table>\n","protected":false},"excerpt":{"rendered":"<p><a href=\"http:\/\/evalua.catedu.es\/evaluacion\/?page_id=122\">Cronograma<\/a><br \/>\n<a href=\"http:\/\/evalua.catedu.es\/evaluacion\/?page_id=130\">Publicaciones<\/a><\/p>\n<p>Planificaci\u00f3n<\/p>\n<p><a href=\"http:\/\/evalua.catedu.es\/documentos\/aragon\/realizacion_09_10\/docApoyoRealizacion\/ManualUsuarioACE2010.pdf\" target=\"_blank\">Manual de uso de la aplicaci\u00f3n inform\u00e1tica 2010<\/a> [pa]<\/p>\n<p><a href=\"http:\/\/evalua.catedu.es\/documentos\/aragon\/realizacion_09_10\/docApoyoRealizacion\/GuiaAplicacionPrimaria2010.pdf\" target=\"_blank\">Gu\u00eda para el desarrollo de la evaluaci\u00f3n de diagn\u00f3stico Primaria 2010<\/a> [pa]<\/p>\n<p><a href=\"http:\/\/evalua.catedu.es\/documentos\/aragon\/realizacion_09_10\/docApoyoRealizacion\/GuiaAplicacionSecundaria2010.pdf\" target=\"_blank\">Gu\u00eda para el desarrollo de la evaluaci\u00f3n de diagn\u00f3stico Secundaria 2010<\/a> [pa]<\/p>\n<p><a href=\"http:\/\/evalua.catedu.es\/documentos\/aragon\/realizacion_09_10\/docApoyoRealizacion\/ObtencionDatosIES2000.doc\" target=\"_blank\">Procedimiento de extracci\u00f3n de alumnos del [<a href=\"https:\/\/evalua.catedu.es\/evaluacion\/?page_id=109\">Leer m\u00e1s<\/a>]<\/p>\n","protected":false},"author":1,"featured_media":0,"parent":36,"menu_order":0,"comment_status":"closed","ping_status":"closed","template":"","meta":{"footnotes":""},"categories":[9,12],"tags":[],"class_list":["post-109","page","type-page","status-publish","hentry","category-evaluacion_aragon","category-evaluacion_aragon_2009_2010"],"_links":{"self":[{"href":"https:\/\/evalua.catedu.es\/evaluacion\/index.php?rest_route=\/wp\/v2\/pages\/109","targetHints":{"allow":["GET"]}}],"collection":[{"href":"https:\/\/evalua.catedu.es\/evaluacion\/index.php?rest_route=\/wp\/v2\/pages"}],"about":[{"href":"https:\/\/evalua.catedu.es\/evaluacion\/index.php?rest_route=\/wp\/v2\/types\/page"}],"author":[{"embeddable":true,"href":"https:\/\/evalua.catedu.es\/evaluacion\/index.php?rest_route=\/wp\/v2\/users\/1"}],"replies":[{"embeddable":true,"href":"https:\/\/evalua.catedu.es\/evaluacion\/index.php?rest_route=%2Fwp%2Fv2%2Fcomments&post=109"}],"version-history":[{"count":119,"href":"https:\/\/evalua.catedu.es\/evaluacion\/index.php?rest_route=\/wp\/v2\/pages\/109\/revisions"}],"predecessor-version":[{"id":1522,"href":"https:\/\/evalua.catedu.es\/evaluacion\/index.php?rest_route=\/wp\/v2\/pages\/109\/revisions\/1522"}],"up":[{"embeddable":true,"href":"https:\/\/evalua.catedu.es\/evaluacion\/index.php?rest_route=\/wp\/v2\/pages\/36"}],"wp:attachment":[{"href":"https:\/\/evalua.catedu.es\/evaluacion\/index.php?rest_route=%2Fwp%2Fv2%2Fmedia&parent=109"}],"wp:term":[{"taxonomy":"category","embeddable":true,"href":"https:\/\/evalua.catedu.es\/evaluacion\/index.php?rest_route=%2Fwp%2Fv2%2Fcategories&post=109"},{"taxonomy":"post_tag","embeddable":true,"href":"https:\/\/evalua.catedu.es\/evaluacion\/index.php?rest_route=%2Fwp%2Fv2%2Ftags&post=109"}],"curies":[{"name":"wp","href":"https:\/\/api.w.org\/{rel}","templated":true}]}}