{"id":104,"date":"2015-10-27T08:29:00","date_gmt":"2015-10-27T08:29:00","guid":{"rendered":"http:\/\/1.43.10.86\/wordpress\/?page_id=104"},"modified":"2020-09-30T08:28:44","modified_gmt":"2020-09-30T06:28:44","slug":"contexto-legal","status":"publish","type":"page","link":"https:\/\/evalua.catedu.es\/evaluacion\/?page_id=104","title":{"rendered":"Contexto legal"},"content":{"rendered":"<table>\n<tbody>\n<tr>\n<td width=\"10%\"><img decoding=\"async\" id=\"iconoEnTabla\" src=\"http:\/\/evalua.catedu.es\/imagenes\/iconos\/BOE.gif\" \/><\/td>\n<td width=\"90%\"><a href=\"http:\/\/evalua.catedu.es\/documentos\/aragon\/NormativaVarios\/loe.pdf\" target=\"_blank\" rel=\"noopener noreferrer\">LOE<\/a><\/td>\n<\/tr>\n<tr>\n<td width=\"10%\"><img decoding=\"async\" id=\"iconoEnTabla\" src=\"http:\/\/evalua.catedu.es\/imagenes\/iconos\/BOE.gif\" \/><\/td>\n<td width=\"90%\"><a href=\"http:\/\/evalua.catedu.es\/documentos\/aragon\/NormativaVarios\/LOMCE.pdf\" target=\"_blank\" rel=\"noopener noreferrer\">LOMCE: Ley Org\u00e1nica 8\/2013, de 9 de diciembre, para la mejora de la calidad educativa. (Ver art\u00edculos 20, 21, 29, 36.bis y 144)<\/a><\/td>\n<\/tr>\n<tr>\n<td width=\"10%\"><img decoding=\"async\" id=\"iconoEnTabla\" src=\"http:\/\/evalua.catedu.es\/imagenes\/iconos\/BOE.gif\" \/><\/td>\n<td width=\"90%\"><a href=\"http:\/\/evalua.catedu.es\/documentos\/aragon\/NormativaVarios\/RD126_2014_02_28_CurriculloBasicoEducacionPrimaria.pdf\" target=\"_blank&quot;\" rel=\"noopener noreferrer\">Orden de curr\u00edculo de primaria: Real Decreto 126\/2014, de 28 de febrero, por el que se establece el curr\u00edculo b\u00e1sico de la Educaci\u00f3n Primaria. (Ver art\u00edculos 11 y 12).<\/a><\/td>\n<\/tr>\n<tr>\n<td width=\"10%\"><img decoding=\"async\" id=\"iconoEnTabla\" src=\"http:\/\/evalua.catedu.es\/imagenes\/iconos\/BOE.gif\" \/><\/td>\n<td width=\"90%\"><a href=\"http:\/\/evalua.catedu.es\/evaluacion\/wp-content\/uploads\/BOE20150103_RD1105_2014de26deDiciembre.pdf\" target=\"_blank\" rel=\"noopener noreferrer\">Real Decreto 1105\/2014, de 26 de diciembre, por el que se establece el curr\u00edculo b\u00e1sico de la Educaci\u00f3n Secundaria Obligatoria y del Bachillerato.<\/a><\/td>\n<\/tr>\n<tr>\n<td width=\"10%\"><img decoding=\"async\" id=\"iconoEnTabla\" src=\"http:\/\/evalua.catedu.es\/imagenes\/iconos\/BOE.gif\" \/><\/td>\n<td width=\"90%\"><a href=\"http:\/\/evalua.catedu.es\/evaluacion\/wp-content\/uploads\/BOE20150129_OrdenECD65_2015de21deEnero_RelacionesCompetContenidosYCritEval.pdf\" target=\"_blank\" rel=\"noopener noreferrer\">Orden ECD\/65\/2015, de 21 de enero, por la que se describen las relaciones entre las competencias, los contenidos y los criterios de evaluaci\u00f3n de la educaci\u00f3n primaria, la educaci\u00f3n secundaria obligatoria y el bachillerato.<\/a><\/td>\n<\/tr>\n<tr>\n<td width=\"10%\"><img decoding=\"async\" id=\"iconoEnTabla\" src=\"http:\/\/evalua.catedu.es\/imagenes\/iconos\/BOE.gif\" \/><\/td>\n<td width=\"90%\"><a href=\"http:\/\/evalua.catedu.es\/documentos\/aragon\/NormativaVarios\/BOE20151128_RD1058_2015de20deNoviembre.pdf\" target=\"_blank&quot;\" rel=\"noopener noreferrer\">Real Decreto 1058\/2015, de 20 de noviembre, por el que se regulan las caracter\u00edsticas generales de las pruebas de la evaluaci\u00f3n final de Educaci\u00f3n Primaria establecida en la Ley Org\u00e1nica 2\/2006, de 3 de mayo, de Educaci\u00f3n.<\/a><\/td>\n<\/tr>\n<tr>\n<td width=\"10%\"><img decoding=\"async\" id=\"iconoEnTabla\" src=\"http:\/\/evalua.catedu.es\/evaluacion\/wp-content\/uploads\/2016\/01\/BOA.gif\" \/><\/td>\n<td width=\"90%\"><a href=\"http:\/\/www.boa.aragon.es\/cgi-bin\/EBOA\/BRSCGI?CMD=VEROBJ&amp;MLKOB=887508504646\" target=\"_blank\" rel=\"noopener noreferrer\">ORDEN de 21 de diciembre de 2015, de la Consejera de Educaci\u00f3n, Cultura y Deporte, por la que se regula la evaluaci\u00f3n en Educaci\u00f3n Primaria en los centros docentes de la Comunidad Aut\u00f3noma de Arag\u00f3n y se modifican la Orden de 16 de junio de 2014, por la que se aprueba el curr\u00edculo de la Educaci\u00f3n Primaria y se autoriza su aplicaci\u00f3n en los centros docentes de la Comunidad Aut\u00f3noma de Arag\u00f3n y la Orden de 26 de junio de 2014, por la que se aprueban las Instrucciones que regulan la organizaci\u00f3n y el funcionamiento de los Colegios P\u00fablicos de Educaci\u00f3n Infantil y Primaria y de los Colegios P\u00fablicos de Educaci\u00f3n Especial de la Comunidad Aut\u00f3noma de Arag\u00f3n.<\/a><\/td>\n<\/tr>\n<tr>\n<td width=\"10%\"><img decoding=\"async\" id=\"iconoEnTabla\" src=\"http:\/\/evalua.catedu.es\/imagenes\/iconos\/BOE.gif\" \/><\/td>\n<td width=\"90%\"><a href=\"http:\/\/evalua.catedu.es\/documentos\/aragon\/NormativaVarios\/BOE20160415_Resolucion30deMarzode2016.pdf\" target=\"_blank&quot;\" rel=\"noopener noreferrer\">Resoluci\u00f3n de 30 de marzo de 2016, de la Secretar\u00eda de Estado de Educaci\u00f3n, Formaci\u00f3n Profesional y Universidades, por la que se definen los cuestionarios de contexto y los indicadores comunes de centro para la evaluaci\u00f3n final de Educaci\u00f3n Primaria.<\/a><\/td>\n<\/tr>\n<tr>\n<td width=\"10%\"><img decoding=\"async\" id=\"iconoEnTabla\" src=\"http:\/\/evalua.catedu.es\/imagenes\/iconos\/BOE.gif\" \/><\/td>\n<td width=\"90%\"><a href=\"http:\/\/evalua.catedu.es\/evaluacion\/wp-content\/uploads\/BOE20160730_RD310_2016de29deJulio.pdf\" target=\"_blank\" rel=\"noopener noreferrer\">Real Decreto 310\/2016, de 29 de julio, por el que se regulan las evaluaciones finales de Educaci\u00f3n Secundaria Obligatoria y de Bachillerato.<\/a><\/td>\n<\/tr>\n<tr>\n<td width=\"10%\"><img decoding=\"async\" id=\"iconoEnTabla\" src=\"http:\/\/evalua.catedu.es\/imagenes\/iconos\/BOE.gif\" \/><\/td>\n<td width=\"90%\"><a href=\"http:\/\/evalua.catedu.es\/evaluacion\/wp-content\/uploads\/BOE20161210_RD5_2016De9DeDiciembre.pdf\" target=\"_blank\" rel=\"noopener noreferrer\">Real Decreto-ley 5\/2016, de 9 de diciembre, de medidas urgentes para la ampliaci\u00f3n del calendario de implantaci\u00f3n de la Ley Org\u00e1nica 8\/2013, de 9 de diciembre, para la mejora de la calidad educativa.<\/a><\/td>\n<\/tr>\n<tr>\n<td width=\"10%\"><img decoding=\"async\" id=\"iconoEnTabla\" src=\"http:\/\/evalua.catedu.es\/imagenes\/iconos\/BOE.gif\" \/><\/td>\n<td width=\"90%\"><a href=\"http:\/\/evalua.catedu.es\/evaluacion\/wp-content\/uploads\/BOE20171227_Resolucion04Dic2017ModifCuestEvFinalPrimaria.pdf\" target=\"_blank\" rel=\"noopener noreferrer\">Resoluci\u00f3n de 4 de diciembre de 2017, de la Secretar\u00eda de Estado de Educaci\u00f3n, Formaci\u00f3n Profesional y Universidades, por la que se modifica el Anexo I de la de 30 de marzo de 2016, por la que se definen los cuestionarios de contexto y los indicadores comunes de centro para la evaluaci\u00f3n final de Educaci\u00f3n Primaria.<\/a><\/td>\n<\/tr>\n<tr>\n<td width=\"10%\"><img decoding=\"async\" id=\"iconoEnTabla\" src=\"http:\/\/evalua.catedu.es\/imagenes\/iconos\/BOE.gif\" \/><\/td>\n<td width=\"90%\"><a href=\"http:\/\/evalua.catedu.es\/evaluacion\/wp-content\/uploads\/BOE20180130_OrdenECD65_2018_de29deEnero.pdf\" target=\"_blank\" rel=\"noopener noreferrer\">Orden ECD\/65\/2018, de 29 de enero, por la que se regulan las pruebas de la evaluaci\u00f3n final de Educaci\u00f3n Secundaria Obligatoria, para el curso 2017\/2018.<\/a><\/td>\n<\/tr>\n<p><!--\n\n\n<tr><span style=\"display: inline-block; width: 0px; overflow: hidden; line-height: 0;\" data-mce-type=\"bookmark\" class=\"mce_SELRES_start\"><\/span>\n\n\n<td width=\"10%\"><img decoding=\"async\" id=\"iconoEnTabla\" src=\"http:\/\/evalua.catedu.es\/imagenes\/iconos\/BOE.gif\"><\/td>\n\n\n\n\n<td width=\"90%\"><a href=\"http:\/\/evalua.catedu.es\/evaluacion\/wp-content\/uploads\/BOE20180203_OrdenECD93_2018de01deFebrero_PorLaQSeCorrigenErroresEnOrdenECD65_2018.pdf\" target=\"_blank\" rel=\"noopener noreferrer\">Orden ECD\/93\/2018, de 1 de febrero, por la que se corrigen errores en la Orden ECD\/65\/2018, de 29 de enero, por la que se regulan las pruebas de la evaluaci\u00f3n final de Educaci\u00f3n Secundaria Obligatoria, para el curso 2017\/2018.<\/a><\/td>\n\n\n<\/tr>\n\n\n--><\/p>\n<tr>\n<td width=\"10%\"><img decoding=\"async\" id=\"iconoEnTabla\" src=\"http:\/\/evalua.catedu.es\/evaluacion\/wp-content\/uploads\/2016\/01\/BOA.gif\" \/><\/td>\n<td width=\"90%\"><a href=\"http:\/\/www.boa.aragon.es\/cgi-bin\/EBOA\/BRSCGI?CMD=VEROBJ&amp;MLKOB=1045139062727\" target=\"_blank\" rel=\"noopener noreferrer\">DECRETO 182\/2018, de 23 de octubre, del Gobierno de Arag\u00f3n, por el que se establece el modelo de an\u00e1lisis, evaluaci\u00f3n y proyecci\u00f3n del sistema educativo de la Comunidad Aut\u00f3noma de Arag\u00f3n.<\/a><\/td>\n<\/tr>\n<tr>\n<td width=\"10%\"><img decoding=\"async\" id=\"iconoEnTabla\" src=\"http:\/\/evalua.catedu.es\/imagenes\/iconos\/pdf_24.png\" \/><\/td>\n<td width=\"90%\"><a href=\"http:\/\/evalua.catedu.es\/evaluacion\/wp-content\/uploads\/ResolucionEvaluacion3EP20190219.pdf\" target=\"_blank\" rel=\"noopener noreferrer\">Resoluci\u00f3n de 19 de febrero de 2019, del Secretario General T\u00e9cnico, por la que se dictan las instrucciones a los centros docentes de Educaci\u00f3n Primaria para la organizaci\u00f3n y realizaci\u00f3n de la Evaluaci\u00f3n Individualizada de tercero de Educaci\u00f3n Primaria en el curso 2018-2019.<\/a><span id=\"pa\"> [pa]<\/span><\/td>\n<\/tr>\n<tr>\n<td width=\"10%\"><img decoding=\"async\" id=\"iconoEnTabla\" src=\"http:\/\/evalua.catedu.es\/imagenes\/iconos\/BOE.gif\" \/><\/td>\n<td width=\"90%\"><a href=\"http:\/\/evalua.catedu.es\/evaluacion\/wp-content\/uploads\/BOE20190228_OrdenEFP196_2019de26febrero.pdf\" target=\"_blank\" rel=\"noopener noreferrer\">Orden EFP\/196\/2019, de 26 de febrero, por la que se regulan las pruebas de la evaluaci\u00f3n final de Educaci\u00f3n Secundaria Obligatoria, para el curso 2018\/2019.<\/a><\/td>\n<\/tr>\n<tr>\n<td width=\"10%\"><img decoding=\"async\" id=\"iconoEnTabla\" src=\"http:\/\/evalua.catedu.es\/imagenes\/iconos\/pdf_24.png\" \/><\/td>\n<td width=\"90%\"><a href=\"http:\/\/evalua.catedu.es\/evaluacion\/wp-content\/uploads\/ResolucionEvaluacion6EP4ESO_20190301.pdf\" target=\"_blank\" rel=\"noopener noreferrer\">Resoluci\u00f3n de 1 de marzo de 2019 del Secretario General T\u00e9cnico, por la que se dictan instrucciones para la realizaci\u00f3n de la evaluaci\u00f3n de diagn\u00f3stico de Educaci\u00f3n Primaria y de Educaci\u00f3n Secundaria Obligatoria en la C. A. de Arag\u00f3n para el curso 2018-2019.<\/a><span id=\"pa\"> [pa]<\/span><\/td>\n<\/tr>\n<tr>\n<td width=\"10%\"><img decoding=\"async\" id=\"iconoEnTabla\" src=\"http:\/\/evalua.catedu.es\/evaluacion\/wp-content\/uploads\/2016\/01\/BOA.gif\" \/><\/td>\n<td width=\"90%\"><a href=\"http:\/\/www.boa.aragon.es\/cgi-bin\/EBOA\/BRSCGI?CMD=VEROBJ&amp;MLKOB=1070792442323\" target=\"_blank\" rel=\"noopener noreferrer\">ORDEN ECD\/412\/2019, de 11 de abril, por la que se establece el r\u00e9gimen jur\u00eddico del Centro de Evaluaci\u00f3n, Formaci\u00f3n y Calidad de Arag\u00f3n y se aprueba su organizaci\u00f3n y funcionamiento.<\/a><\/td>\n<\/tr>\n<tr>\n<td width=\"10%\"><img decoding=\"async\" id=\"iconoEnTabla\" src=\"http:\/\/evalua.catedu.es\/imagenes\/iconos\/BOE.gif\"><\/td>\n<td width=\"90%\"><a href=\"http:\/\/evalua.catedu.es\/evaluacion\/wp-content\/uploads\/BOE20200319_OrdenEFP255_2020de11marzo_PruebasEvalFinalESO.pdf\" target=\"_blank\" rel=\"noopener noreferrer\">Orden EFP\/255\/2020, de 11 de marzo, por la que se regulan las pruebas de la evaluaci\u00f3n final de Educaci\u00f3n Secundaria Obligatoria, para el curso 2019\/2020, y se modifica la Orden ECD\/65\/2018, de 29 de enero, por la que se regulan las pruebas de la evaluaci\u00f3n final de Educaci\u00f3n Secundaria Obligatoria, para el curso 2017\/2018.<\/a><\/td>\n<\/tr>\n<tr>\n<td width=\"10%\"><img decoding=\"async\" id=\"iconoEnTabla\" src=\"http:\/\/evalua.catedu.es\/imagenes\/iconos\/BOE.gif\"><\/td>\n<td width=\"90%\"><a href=\"https:\/\/www.boe.es\/boe\/dias\/2020\/09\/30\/pdfs\/BOE-A-2020-11417.pdf\" target=\"_blank\" rel=\"noopener noreferrer\">Real  Decreto-ley  31\/2020,  de  29  de  septiembre,  por  el  que  se  adoptan  medidas urgentes en el \u00e1mbito de la educaci\u00f3n no universitaria<\/a><\/td>\n<\/tr>\n<\/tbody>\n<\/table>\n<table>\n<tbody>\n<tr>\n<th colspan=\"2\"><strong>Varios<\/strong><\/th>\n<\/tr>\n<tr>\n<td width=\"10%\"><img decoding=\"async\" id=\"iconoEnTabla\" src=\"http:\/\/evalua.catedu.es\/imagenes\/iconos\/pdf_24.png\" \/><\/td>\n<td width=\"90%\"><a href=\"http:\/\/evalua.catedu.es\/documentos\/aragon\/NormativaVarios\/CompetenciasClave2007_UnMarcoDeReferenciaEuropeo.pdf\" target=\"_blank\" rel=\"noopener noreferrer\">Competencias clave. Un marco de referencia europeo <\/a><span id=\"revisado\">(Luxemburgo 2007)<\/span><\/td>\n<\/tr>\n<tr>\n<td width=\"10%\"><img decoding=\"async\" id=\"iconoEnTabla\" src=\"http:\/\/evalua.catedu.es\/imagenes\/iconos\/pdf_24.png\" \/><\/td>\n<td width=\"90%\"><a href=\"http:\/\/evalua.catedu.es\/documentos\/aragon\/NormativaVarios\/20061218_CompetenciasClaveMarcoDeReferencia.pdf\" target=\"_blank\" rel=\"noopener noreferrer\">Competencias clave. Marco europeo de referencia <\/a><span id=\"revisado\">(30\/12\/2006)<\/span><\/td>\n<\/tr>\n<tr>\n<td width=\"10%\"><img decoding=\"async\" id=\"iconoEnTabla\" src=\"http:\/\/evalua.catedu.es\/imagenes\/iconos\/pdf_24.png\" \/><\/td>\n<td width=\"90%\"><a href=\"http:\/\/evalua.catedu.es\/documentos\/aragon\/NormativaVarios\/LB1995EnsenarYAprender_ComisionEutropea.pdf\" target=\"_blank\" rel=\"noopener noreferrer\">Libro blanco. Ense\u00f1ar y aprender-Hacia la sociedad del conocimiento. Comisi\u00f3n europea <\/a><span id=\"revisado\">(Luxemburgo 1995)<\/span><\/td>\n<\/tr>\n<tr>\n<td width=\"10%\"><img decoding=\"async\" id=\"iconoEnTabla\" src=\"http:\/\/evalua.catedu.es\/imagenes\/iconos\/pdf_24.png\" \/><\/td>\n<td width=\"90%\"><a href=\"http:\/\/evalua.catedu.es\/documentos\/aragon\/NormativaVarios\/LB1993CrecimientoCompetitividadYEmpleoI.pdf\" target=\"_blank\" rel=\"noopener noreferrer\">Libro blanco. Crecimiento, competitividad, empleo. Elaborado a iniciativa de Jacques Delors <\/a><span id=\"revisado\">(Luxemburgo 1993)<\/span><\/td>\n<\/tr>\n<\/tbody>\n<\/table>\n","protected":false},"excerpt":{"rendered":"<p><a href=\"http:\/\/evalua.catedu.es\/documentos\/aragon\/NormativaVarios\/loe.pdf\" target=\"_blank\" rel=\"noopener noreferrer\">LOE<\/a><\/p>\n<p><a href=\"http:\/\/evalua.catedu.es\/documentos\/aragon\/NormativaVarios\/LOMCE.pdf\" target=\"_blank\" rel=\"noopener noreferrer\">LOMCE: Ley Org\u00e1nica 8\/2013, de 9 de diciembre, para la mejora de la calidad educativa. (Ver art\u00edculos 20, 21, 29, 36.bis y 144)<\/a><\/p>\n<p><a href=\"http:\/\/evalua.catedu.es\/documentos\/aragon\/NormativaVarios\/RD126_2014_02_28_CurriculloBasicoEducacionPrimaria.pdf\" target=\"_blank&quot;\" rel=\"noopener noreferrer\">Orden de curr\u00edculo de primaria: Real Decreto 126\/2014, de 28 de febrero, por el que se [<a href=\"https:\/\/evalua.catedu.es\/evaluacion\/?page_id=104\">Leer m\u00e1s<\/a>]<\/p>\n","protected":false},"author":1,"featured_media":0,"parent":36,"menu_order":0,"comment_status":"closed","ping_status":"closed","template":"","meta":{"footnotes":""},"categories":[9,41,42],"tags":[],"class_list":["post-104","page","type-page","status-publish","hentry","category-evaluacion_aragon","category-informacion_adicional","category-normativa"],"_links":{"self":[{"href":"https:\/\/evalua.catedu.es\/evaluacion\/index.php?rest_route=\/wp\/v2\/pages\/104","targetHints":{"allow":["GET"]}}],"collection":[{"href":"https:\/\/evalua.catedu.es\/evaluacion\/index.php?rest_route=\/wp\/v2\/pages"}],"about":[{"href":"https:\/\/evalua.catedu.es\/evaluacion\/index.php?rest_route=\/wp\/v2\/types\/page"}],"author":[{"embeddable":true,"href":"https:\/\/evalua.catedu.es\/evaluacion\/index.php?rest_route=\/wp\/v2\/users\/1"}],"replies":[{"embeddable":true,"href":"https:\/\/evalua.catedu.es\/evaluacion\/index.php?rest_route=%2Fwp%2Fv2%2Fcomments&post=104"}],"version-history":[{"count":59,"href":"https:\/\/evalua.catedu.es\/evaluacion\/index.php?rest_route=\/wp\/v2\/pages\/104\/revisions"}],"predecessor-version":[{"id":2156,"href":"https:\/\/evalua.catedu.es\/evaluacion\/index.php?rest_route=\/wp\/v2\/pages\/104\/revisions\/2156"}],"up":[{"embeddable":true,"href":"https:\/\/evalua.catedu.es\/evaluacion\/index.php?rest_route=\/wp\/v2\/pages\/36"}],"wp:attachment":[{"href":"https:\/\/evalua.catedu.es\/evaluacion\/index.php?rest_route=%2Fwp%2Fv2%2Fmedia&parent=104"}],"wp:term":[{"taxonomy":"category","embeddable":true,"href":"https:\/\/evalua.catedu.es\/evaluacion\/index.php?rest_route=%2Fwp%2Fv2%2Fcategories&post=104"},{"taxonomy":"post_tag","embeddable":true,"href":"https:\/\/evalua.catedu.es\/evaluacion\/index.php?rest_route=%2Fwp%2Fv2%2Ftags&post=104"}],"curies":[{"name":"wp","href":"https:\/\/api.w.org\/{rel}","templated":true}]}}